{"id":23271,"date":"2020-10-05T11:33:39","date_gmt":"2020-10-05T08:33:39","guid":{"rendered":"https:\/\/www.radiomarket.fi\/tuote\/ekua5104-blaupunkt-74-14\/"},"modified":"2020-11-10T07:49:36","modified_gmt":"2020-11-10T05:49:36","slug":"ekua5104-blaupunkt-74-14","status":"publish","type":"product","link":"https:\/\/www.radiomarket.fi\/en\/kohde\/ekua5104-blaupunkt-74-14\/","title":{"rendered":"EKUA5104 Blaupunkt 74.14"},"content":{"rendered":"Tumman oranssit py\u00f6re\u00e4t nupit, joissa uria sivuilla.","protected":false},"excerpt":{"rendered":"<p>Tumman oranssit py\u00f6re\u00e4t nupit, joissa uria sivuilla.<\/p>","protected":false},"featured_media":6243,"template":"","meta":[],"_links":{"self":[{"href":"https:\/\/www.radiomarket.fi\/en\/wp-json\/wp\/v2\/product\/23271"}],"collection":[{"href":"https:\/\/www.radiomarket.fi\/en\/wp-json\/wp\/v2\/product"}],"about":[{"href":"https:\/\/www.radiomarket.fi\/en\/wp-json\/wp\/v2\/types\/product"}],"wp:featuredmedia":[{"embeddable":true,"href":"https:\/\/www.radiomarket.fi\/en\/wp-json\/wp\/v2\/media\/6243"}],"wp:attachment":[{"href":"https:\/\/www.radiomarket.fi\/en\/wp-json\/wp\/v2\/media?parent=23271"}],"curies":[{"name":"wp","href":"https:\/\/api.w.org\/{rel}","templated":true}]}}