{"id":23285,"date":"2024-07-18T17:33:44","date_gmt":"2024-07-18T14:33:44","guid":{"rendered":"https:\/\/www.radiomarket.fi\/tuote\/ekua5090-salora-messina-3-73-ga-10\/"},"modified":"2024-09-03T14:35:58","modified_gmt":"2024-09-03T11:35:58","slug":"ekua5090-salora-messina-3-73-ga-10","status":"publish","type":"product","link":"https:\/\/www.radiomarket.fi\/en\/kohde\/ekua5090-salora-messina-3-73-ga-10\/","title":{"rendered":"EKUA5090 Salora Messina 3 73 GA 10 nuppi (EKUM)"},"content":{"rendered":"<p>Nelj\u00e4 mustaa muovista nuppia, joissa sivuilla uria ja p\u00e4\u00e4t hopeanv\u00e4riset.<\/p>","protected":false},"excerpt":{"rendered":"<p>Kirjetoimitustuotteita kannattaa ostaa useampia kerralla, kukin kirjetoimitettava lis\u00e4tuote ostoskorissa nostaa kirjetoimituksen perusmaksua vain \u20ac0,10 (tilanne 9\/2024).<\/p>","protected":false},"featured_media":6223,"template":"","meta":[],"_links":{"self":[{"href":"https:\/\/www.radiomarket.fi\/en\/wp-json\/wp\/v2\/product\/23285"}],"collection":[{"href":"https:\/\/www.radiomarket.fi\/en\/wp-json\/wp\/v2\/product"}],"about":[{"href":"https:\/\/www.radiomarket.fi\/en\/wp-json\/wp\/v2\/types\/product"}],"wp:featuredmedia":[{"embeddable":true,"href":"https:\/\/www.radiomarket.fi\/en\/wp-json\/wp\/v2\/media\/6223"}],"wp:attachment":[{"href":"https:\/\/www.radiomarket.fi\/en\/wp-json\/wp\/v2\/media?parent=23285"}],"curies":[{"name":"wp","href":"https:\/\/api.w.org\/{rel}","templated":true}]}}