{"id":23286,"date":"2020-10-05T11:33:45","date_gmt":"2020-10-05T08:33:45","guid":{"rendered":"https:\/\/www.radiomarket.fi\/tuote\/ekua5089-salora-messina-3-73-ga-10\/"},"modified":"2024-07-18T07:57:58","modified_gmt":"2024-07-18T04:57:58","slug":"ekua5089-salora-messina-3-73-ga-10","status":"publish","type":"product","link":"https:\/\/www.radiomarket.fi\/en\/kohde\/ekua5089-salora-messina-3-73-ga-10\/","title":{"rendered":"EKUA5089 Salora Messina 3 73 GA 10"},"content":{"rendered":"<p>Nelj\u00e4 matalaa hopeanv\u00e4rist\u00e4 nuppia.<\/p>","protected":false},"excerpt":{"rendered":"<p>Nelj\u00e4 matalaa hopeanv\u00e4rist\u00e4 nuppia.<\/p>","protected":false},"featured_media":6222,"template":"","meta":[],"_links":{"self":[{"href":"https:\/\/www.radiomarket.fi\/en\/wp-json\/wp\/v2\/product\/23286"}],"collection":[{"href":"https:\/\/www.radiomarket.fi\/en\/wp-json\/wp\/v2\/product"}],"about":[{"href":"https:\/\/www.radiomarket.fi\/en\/wp-json\/wp\/v2\/types\/product"}],"wp:featuredmedia":[{"embeddable":true,"href":"https:\/\/www.radiomarket.fi\/en\/wp-json\/wp\/v2\/media\/6222"}],"wp:attachment":[{"href":"https:\/\/www.radiomarket.fi\/en\/wp-json\/wp\/v2\/media?parent=23286"}],"curies":[{"name":"wp","href":"https:\/\/api.w.org\/{rel}","templated":true}]}}