{"id":23289,"date":"2020-10-05T11:33:46","date_gmt":"2020-10-05T08:33:46","guid":{"rendered":"https:\/\/www.radiomarket.fi\/tuote\/ekua5086-salora-messina\/"},"modified":"2020-11-10T07:47:39","modified_gmt":"2020-11-10T05:47:39","slug":"ekua5086-salora-messina","status":"publish","type":"product","link":"https:\/\/www.radiomarket.fi\/en\/kohde\/ekua5086-salora-messina\/","title":{"rendered":"EKUA5086 Salora Messina"},"content":{"rendered":"Pienet, py\u00f6re\u00e4t mustat nupit, joissa kyljiss\u00e4 uurteet. Nelj\u00e4 kappaletta.","protected":false},"excerpt":{"rendered":"<p>Pienet, py\u00f6re\u00e4t mustat nupit, joissa kyljiss\u00e4 uurteet. Nelj\u00e4 kappaletta.<\/p>","protected":false},"featured_media":6217,"template":"","meta":[],"_links":{"self":[{"href":"https:\/\/www.radiomarket.fi\/en\/wp-json\/wp\/v2\/product\/23289"}],"collection":[{"href":"https:\/\/www.radiomarket.fi\/en\/wp-json\/wp\/v2\/product"}],"about":[{"href":"https:\/\/www.radiomarket.fi\/en\/wp-json\/wp\/v2\/types\/product"}],"wp:featuredmedia":[{"embeddable":true,"href":"https:\/\/www.radiomarket.fi\/en\/wp-json\/wp\/v2\/media\/6217"}],"wp:attachment":[{"href":"https:\/\/www.radiomarket.fi\/en\/wp-json\/wp\/v2\/media?parent=23289"}],"curies":[{"name":"wp","href":"https:\/\/api.w.org\/{rel}","templated":true}]}}