{"id":23305,"date":"2020-10-05T11:33:51","date_gmt":"2020-10-05T08:33:51","guid":{"rendered":"https:\/\/www.radiomarket.fi\/tuote\/ekua5070-fenno-fe-59-t-172\/"},"modified":"2026-03-07T14:08:02","modified_gmt":"2026-03-07T12:08:02","slug":"ekua5070-fenno-fe-59-t-172","status":"publish","type":"product","link":"https:\/\/www.radiomarket.fi\/en\/kohde\/ekua5070-fenno-fe-59-t-172\/","title":{"rendered":"EKUA5070 Fenno -logo (EKUM)"},"content":{"rendered":"<p>V\u00e4ri: hopea. Kullanv\u00e4rinen tuotenumerolla EKUA5115.<br \/><br \/>Piikkiv\u00e4li n 46mm.<br \/><br \/>K\u00e4ytetty esimerkiksi mallissa Fenno FE 59 T 172.<\/p>","protected":false},"excerpt":{"rendered":"<p>V\u00e4ri: hopea. Kullanv\u00e4rinen tuotenumerolla EKUA5115.Piikkiv\u00e4li n 46mm.K\u00e4ytetty esimerkiksi mallissa Fenno FE 59 T 172.<\/p>","protected":false},"featured_media":32104,"template":"","meta":[],"_links":{"self":[{"href":"https:\/\/www.radiomarket.fi\/en\/wp-json\/wp\/v2\/product\/23305"}],"collection":[{"href":"https:\/\/www.radiomarket.fi\/en\/wp-json\/wp\/v2\/product"}],"about":[{"href":"https:\/\/www.radiomarket.fi\/en\/wp-json\/wp\/v2\/types\/product"}],"wp:featuredmedia":[{"embeddable":true,"href":"https:\/\/www.radiomarket.fi\/en\/wp-json\/wp\/v2\/media\/32104"}],"wp:attachment":[{"href":"https:\/\/www.radiomarket.fi\/en\/wp-json\/wp\/v2\/media?parent=23305"}],"curies":[{"name":"wp","href":"https:\/\/api.w.org\/{rel}","templated":true}]}}