{"id":23335,"date":"2020-10-05T11:34:03","date_gmt":"2020-10-05T08:34:03","guid":{"rendered":"https:\/\/www.radiomarket.fi\/tuote\/ekua5036-selena-matkaradio\/"},"modified":"2022-11-03T17:50:51","modified_gmt":"2022-11-03T15:50:51","slug":"ekua5036-selena-matkaradio","status":"publish","type":"product","link":"https:\/\/www.radiomarket.fi\/en\/kohde\/ekua5036-selena-matkaradio\/","title":{"rendered":"EKUA5036 Selena B212 matkaradio"},"content":{"rendered":"<p>Kuvausta ei saatavilla. Erona B217-malliin vasemman yl\u00e4kulman n\u00e4pp\u00e4imist\u00f6, t\u00e4ss\u00e4 nelj\u00e4 painonappia, B217-mallissa kolme painonappia.<\/p>","protected":false},"excerpt":{"rendered":"<p>Kuvausta ei saatavilla. Erona B217-malliin vasemman yl\u00e4kulman n\u00e4pp\u00e4imist\u00f6, t\u00e4ss\u00e4 nelj\u00e4 painonappia, B217-mallissa kolme painonappia.<\/p>","protected":false},"featured_media":6159,"template":"","meta":[],"_links":{"self":[{"href":"https:\/\/www.radiomarket.fi\/en\/wp-json\/wp\/v2\/product\/23335"}],"collection":[{"href":"https:\/\/www.radiomarket.fi\/en\/wp-json\/wp\/v2\/product"}],"about":[{"href":"https:\/\/www.radiomarket.fi\/en\/wp-json\/wp\/v2\/types\/product"}],"wp:featuredmedia":[{"embeddable":true,"href":"https:\/\/www.radiomarket.fi\/en\/wp-json\/wp\/v2\/media\/6159"}],"wp:attachment":[{"href":"https:\/\/www.radiomarket.fi\/en\/wp-json\/wp\/v2\/media?parent=23335"}],"curies":[{"name":"wp","href":"https:\/\/api.w.org\/{rel}","templated":true}]}}