{"id":23350,"date":"2020-10-05T11:34:07","date_gmt":"2020-10-05T08:34:07","guid":{"rendered":"https:\/\/www.radiomarket.fi\/tuote\/ekua5019-philips-7532x\/"},"modified":"2020-12-18T22:02:40","modified_gmt":"2020-12-18T20:02:40","slug":"ekua5019-philips-7532x","status":"publish","type":"product","link":"https:\/\/www.radiomarket.fi\/en\/kohde\/ekua5019-philips-7532x\/","title":{"rendered":"EKUA5019 Philips 7532X"},"content":{"rendered":"Pikavalinnoilla, ei k\u00e4\u00e4ntyv\u00e4\u00e4 asteikkoa, ei takalevy\u00e4. Tummanruskea, lakka halkeilee, ei pohjalevy\u00e4, my\u00f6s p\u00e4\u00e4ll\u00e4 aukko, jossa ei levy\u00e4. Asteikko edess\u00e4 alhaalla.","protected":false},"excerpt":{"rendered":"<p>Pikavalinnoilla, ei k\u00e4\u00e4ntyv\u00e4\u00e4 asteikkoa, ei takalevy\u00e4. Tummanruskea, lakka halkeilee, ei pohjalevy\u00e4, my\u00f6s p\u00e4\u00e4ll\u00e4 aukko, jossa ei levy\u00e4. Asteikko edess\u00e4 alhaalla.<\/p>","protected":false},"featured_media":6137,"template":"","meta":[],"_links":{"self":[{"href":"https:\/\/www.radiomarket.fi\/en\/wp-json\/wp\/v2\/product\/23350"}],"collection":[{"href":"https:\/\/www.radiomarket.fi\/en\/wp-json\/wp\/v2\/product"}],"about":[{"href":"https:\/\/www.radiomarket.fi\/en\/wp-json\/wp\/v2\/types\/product"}],"wp:featuredmedia":[{"embeddable":true,"href":"https:\/\/www.radiomarket.fi\/en\/wp-json\/wp\/v2\/media\/6137"}],"wp:attachment":[{"href":"https:\/\/www.radiomarket.fi\/en\/wp-json\/wp\/v2\/media?parent=23350"}],"curies":[{"name":"wp","href":"https:\/\/api.w.org\/{rel}","templated":true}]}}