{"id":23358,"date":"2020-10-05T11:34:10","date_gmt":"2020-10-05T08:34:10","guid":{"rendered":"https:\/\/www.radiomarket.fi\/tuote\/ekua5007-nokia-nhe-8-3110\/"},"modified":"2020-10-05T11:34:10","modified_gmt":"2020-10-05T08:34:10","slug":"ekua5007-nokia-nhe-8-3110","status":"publish","type":"product","link":"https:\/\/www.radiomarket.fi\/en\/kohde\/ekua5007-nokia-nhe-8-3110\/","title":{"rendered":"EKUA5007 Nokia NHE-8 3110"},"content":{"rendered":"Tyyppi\u00e4 NHE-8. Akku, antenni ja takakuori puuttuvat, n\u00e4yt\u00f6ss\u00e4 tussisotkua.","protected":false},"excerpt":{"rendered":"<p>Tyyppi\u00e4 NHE-8. Akku, antenni ja takakuori puuttuvat, n\u00e4yt\u00f6ss\u00e4 tussisotkua.<\/p>","protected":false},"featured_media":6118,"template":"","meta":[],"_links":{"self":[{"href":"https:\/\/www.radiomarket.fi\/en\/wp-json\/wp\/v2\/product\/23358"}],"collection":[{"href":"https:\/\/www.radiomarket.fi\/en\/wp-json\/wp\/v2\/product"}],"about":[{"href":"https:\/\/www.radiomarket.fi\/en\/wp-json\/wp\/v2\/types\/product"}],"wp:featuredmedia":[{"embeddable":true,"href":"https:\/\/www.radiomarket.fi\/en\/wp-json\/wp\/v2\/media\/6118"}],"wp:attachment":[{"href":"https:\/\/www.radiomarket.fi\/en\/wp-json\/wp\/v2\/media?parent=23358"}],"curies":[{"name":"wp","href":"https:\/\/api.w.org\/{rel}","templated":true}]}}