{"id":23359,"date":"2020-10-05T11:34:11","date_gmt":"2020-10-05T08:34:11","guid":{"rendered":"https:\/\/www.radiomarket.fi\/tuote\/ekua5006-tuntematon-puhelin-lanka\/"},"modified":"2023-12-19T20:14:37","modified_gmt":"2023-12-19T18:14:37","slug":"ekua5006-tuntematon-puhelin-lanka","status":"publish","type":"product","link":"https:\/\/www.radiomarket.fi\/en\/kohde\/ekua5006-tuntematon-puhelin-lanka\/","title":{"rendered":"EKUA5006 Tuntematon Puhelin (Lanka)"},"content":{"rendered":"Musta lankapuhelin, jossa valkoiset n\u00e4pp\u00e4imet. Mahdollista kiinnitt\u00e4\u00e4 sein\u00e4\u00e4n, mutta sein\u00e4telinett\u00e4 ei ole.","protected":false},"excerpt":{"rendered":"<p>Musta lankapuhelin, jossa valkoiset n\u00e4pp\u00e4imet. Mahdollista kiinnitt\u00e4\u00e4 sein\u00e4\u00e4n, mutta sein\u00e4telinett\u00e4 ei ole.<\/p>","protected":false},"featured_media":6117,"template":"","meta":[],"_links":{"self":[{"href":"https:\/\/www.radiomarket.fi\/en\/wp-json\/wp\/v2\/product\/23359"}],"collection":[{"href":"https:\/\/www.radiomarket.fi\/en\/wp-json\/wp\/v2\/product"}],"about":[{"href":"https:\/\/www.radiomarket.fi\/en\/wp-json\/wp\/v2\/types\/product"}],"wp:featuredmedia":[{"embeddable":true,"href":"https:\/\/www.radiomarket.fi\/en\/wp-json\/wp\/v2\/media\/6117"}],"wp:attachment":[{"href":"https:\/\/www.radiomarket.fi\/en\/wp-json\/wp\/v2\/media?parent=23359"}],"curies":[{"name":"wp","href":"https:\/\/api.w.org\/{rel}","templated":true}]}}