{"id":23362,"date":"2020-10-05T11:34:12","date_gmt":"2020-10-05T08:34:12","guid":{"rendered":"https:\/\/www.radiomarket.fi\/tuote\/ekua5003-fug-el-fug10el\/"},"modified":"2022-06-01T11:29:30","modified_gmt":"2022-06-01T08:29:30","slug":"ekua5003-fug-el-fug10el","status":"publish","type":"product","link":"https:\/\/www.radiomarket.fi\/en\/kohde\/ekua5003-fug-el-fug10el\/","title":{"rendered":"EKUA5003 FuG EL Fug10EL"},"content":{"rendered":"<p>Tyyppikilpi, viritysikkuna ja merkkivaloikkunat (3\/4) hy\u00f6dynnett\u00e4viss\u00e4.<\/p>","protected":false},"excerpt":{"rendered":"<p>Tyyppikilpi, viritysikkuna ja merkkivaloikkunat (3\/4) hy\u00f6dynnett\u00e4viss\u00e4.<\/p>","protected":false},"featured_media":6114,"template":"","meta":[],"_links":{"self":[{"href":"https:\/\/www.radiomarket.fi\/en\/wp-json\/wp\/v2\/product\/23362"}],"collection":[{"href":"https:\/\/www.radiomarket.fi\/en\/wp-json\/wp\/v2\/product"}],"about":[{"href":"https:\/\/www.radiomarket.fi\/en\/wp-json\/wp\/v2\/types\/product"}],"wp:featuredmedia":[{"embeddable":true,"href":"https:\/\/www.radiomarket.fi\/en\/wp-json\/wp\/v2\/media\/6114"}],"wp:attachment":[{"href":"https:\/\/www.radiomarket.fi\/en\/wp-json\/wp\/v2\/media?parent=23362"}],"curies":[{"name":"wp","href":"https:\/\/api.w.org\/{rel}","templated":true}]}}