{"id":23369,"date":"2020-10-05T11:34:15","date_gmt":"2020-10-05T08:34:15","guid":{"rendered":"https:\/\/www.radiomarket.fi\/tuote\/kide-ft243-467-khz\/"},"modified":"2025-08-09T16:19:58","modified_gmt":"2025-08-09T13:19:58","slug":"ft243-467-khz-kide","status":"publish","type":"product","link":"https:\/\/www.radiomarket.fi\/en\/kohde\/ft243-467-khz-kide\/","title":{"rendered":"EKUA4522 FT243 467 kHz Kide (EKUM)"},"content":{"rendered":"<p>Kide FT243, taajuus 467 kHz. P\u00e4\u00e4s\u00e4\u00e4nt\u00f6isesti U.S Armyn ylij\u00e4\u00e4m\u00e4\u00e4 ja k\u00e4ytettyj\u00e4.<\/p>","protected":false},"excerpt":{"rendered":"<p>Kide FT243, taajuus 467 kHz. P\u00e4\u00e4s\u00e4\u00e4nt\u00f6isesti U.S Armyn ylij\u00e4\u00e4m\u00e4\u00e4 ja k\u00e4ytettyj\u00e4.<\/p>","protected":false},"featured_media":17172,"template":"","meta":[],"_links":{"self":[{"href":"https:\/\/www.radiomarket.fi\/en\/wp-json\/wp\/v2\/product\/23369"}],"collection":[{"href":"https:\/\/www.radiomarket.fi\/en\/wp-json\/wp\/v2\/product"}],"about":[{"href":"https:\/\/www.radiomarket.fi\/en\/wp-json\/wp\/v2\/types\/product"}],"wp:featuredmedia":[{"embeddable":true,"href":"https:\/\/www.radiomarket.fi\/en\/wp-json\/wp\/v2\/media\/17172"}],"wp:attachment":[{"href":"https:\/\/www.radiomarket.fi\/en\/wp-json\/wp\/v2\/media?parent=23369"}],"curies":[{"name":"wp","href":"https:\/\/api.w.org\/{rel}","templated":true}]}}