{"id":23371,"date":"2020-10-05T11:34:16","date_gmt":"2020-10-05T08:34:16","guid":{"rendered":"https:\/\/www.radiomarket.fi\/tuote\/kide-ft243-8083-333\/"},"modified":"2021-11-29T14:38:22","modified_gmt":"2021-11-29T12:38:22","slug":"ft243-8083-333-kide","status":"publish","type":"product","link":"https:\/\/www.radiomarket.fi\/en\/kohde\/ft243-8083-333-kide\/","title":{"rendered":"EKUA4520 FT243 8083.333 Kide (EKUM)"},"content":{"rendered":"<p>Kide FT243, taajuus 8083.333. P\u00e4\u00e4s\u00e4\u00e4nt\u00f6isesti U.S Armyn ylij\u00e4\u00e4m\u00e4\u00e4 ja k\u00e4ytettyj\u00e4.<\/p>","protected":false},"excerpt":{"rendered":"<p>Kide FT243, taajuus 8083.333. P\u00e4\u00e4s\u00e4\u00e4nt\u00f6isesti U.S Armyn ylij\u00e4\u00e4m\u00e4\u00e4 ja k\u00e4ytettyj\u00e4.<\/p>","protected":false},"featured_media":17172,"template":"","meta":[],"_links":{"self":[{"href":"https:\/\/www.radiomarket.fi\/en\/wp-json\/wp\/v2\/product\/23371"}],"collection":[{"href":"https:\/\/www.radiomarket.fi\/en\/wp-json\/wp\/v2\/product"}],"about":[{"href":"https:\/\/www.radiomarket.fi\/en\/wp-json\/wp\/v2\/types\/product"}],"wp:featuredmedia":[{"embeddable":true,"href":"https:\/\/www.radiomarket.fi\/en\/wp-json\/wp\/v2\/media\/17172"}],"wp:attachment":[{"href":"https:\/\/www.radiomarket.fi\/en\/wp-json\/wp\/v2\/media?parent=23371"}],"curies":[{"name":"wp","href":"https:\/\/api.w.org\/{rel}","templated":true}]}}