{"id":23374,"date":"2020-10-05T11:34:17","date_gmt":"2020-10-05T08:34:17","guid":{"rendered":"https:\/\/www.radiomarket.fi\/tuote\/kide-ft243-8087-5-khz\/"},"modified":"2021-11-29T14:41:30","modified_gmt":"2021-11-29T12:41:30","slug":"ft243-8087-5-khz-kide","status":"publish","type":"product","link":"https:\/\/www.radiomarket.fi\/en\/kohde\/ft243-8087-5-khz-kide\/","title":{"rendered":"EKUA4517 FT243 8087.5 kHz Kide (EKUM)"},"content":{"rendered":"<p>Kide FT243, taajuus 8087.5 kHz. P\u00e4\u00e4s\u00e4\u00e4nt\u00f6isesti U.S Armyn ylij\u00e4\u00e4m\u00e4\u00e4 ja k\u00e4ytettyj\u00e4.<\/p>","protected":false},"excerpt":{"rendered":"<p>Kide FT243, taajuus 8087.5 kHz. P\u00e4\u00e4s\u00e4\u00e4nt\u00f6isesti U.S Armyn ylij\u00e4\u00e4m\u00e4\u00e4 ja k\u00e4ytettyj\u00e4.<\/p>","protected":false},"featured_media":17172,"template":"","meta":[],"_links":{"self":[{"href":"https:\/\/www.radiomarket.fi\/en\/wp-json\/wp\/v2\/product\/23374"}],"collection":[{"href":"https:\/\/www.radiomarket.fi\/en\/wp-json\/wp\/v2\/product"}],"about":[{"href":"https:\/\/www.radiomarket.fi\/en\/wp-json\/wp\/v2\/types\/product"}],"wp:featuredmedia":[{"embeddable":true,"href":"https:\/\/www.radiomarket.fi\/en\/wp-json\/wp\/v2\/media\/17172"}],"wp:attachment":[{"href":"https:\/\/www.radiomarket.fi\/en\/wp-json\/wp\/v2\/media?parent=23374"}],"curies":[{"name":"wp","href":"https:\/\/api.w.org\/{rel}","templated":true}]}}