{"id":23377,"date":"2020-10-05T11:34:18","date_gmt":"2020-10-05T08:34:18","guid":{"rendered":"https:\/\/www.radiomarket.fi\/tuote\/kide-hc-6u-11-170\/"},"modified":"2021-11-29T15:16:52","modified_gmt":"2021-11-29T13:16:52","slug":"hc-6u-11-170-kide","status":"publish","type":"product","link":"https:\/\/www.radiomarket.fi\/en\/kohde\/hc-6u-11-170-kide\/","title":{"rendered":"EKUA4514 HC-6U 11170(?) Kide"},"content":{"rendered":"<p>Kide HC-6U, ilmeisesti taajuusmerkint\u00e4 11170 kiteen p\u00e4\u00e4ll\u00e4. Kyljiss\u00e4 8995 4045 DEC65 ja ITT C682. P\u00e4\u00e4s\u00e4\u00e4nt\u00f6isesti k\u00e4ytettyj\u00e4.<\/p>","protected":false},"excerpt":{"rendered":"<p>Kide HC-6U, ilmeisesti taajuusmerkint\u00e4 11170 kiteen p\u00e4\u00e4ll\u00e4. Kyljiss\u00e4 8995 4045 DEC65 ja ITT C682. P\u00e4\u00e4s\u00e4\u00e4nt\u00f6isesti k\u00e4ytettyj\u00e4.<\/p>","protected":false},"featured_media":17173,"template":"","meta":[],"_links":{"self":[{"href":"https:\/\/www.radiomarket.fi\/en\/wp-json\/wp\/v2\/product\/23377"}],"collection":[{"href":"https:\/\/www.radiomarket.fi\/en\/wp-json\/wp\/v2\/product"}],"about":[{"href":"https:\/\/www.radiomarket.fi\/en\/wp-json\/wp\/v2\/types\/product"}],"wp:featuredmedia":[{"embeddable":true,"href":"https:\/\/www.radiomarket.fi\/en\/wp-json\/wp\/v2\/media\/17173"}],"wp:attachment":[{"href":"https:\/\/www.radiomarket.fi\/en\/wp-json\/wp\/v2\/media?parent=23377"}],"curies":[{"name":"wp","href":"https:\/\/api.w.org\/{rel}","templated":true}]}}