{"id":23380,"date":"2020-10-05T11:34:19","date_gmt":"2020-10-05T08:34:19","guid":{"rendered":"https:\/\/www.radiomarket.fi\/tuote\/kide-hc-6u-1834-000\/"},"modified":"2021-11-29T15:11:58","modified_gmt":"2021-11-29T13:11:58","slug":"hc-6u-1834-000-kide","status":"publish","type":"product","link":"https:\/\/www.radiomarket.fi\/en\/kohde\/hc-6u-1834-000-kide\/","title":{"rendered":"EKUA4511 HC-6U 1834.000 Kide (EKUM)"},"content":{"rendered":"<p>Kide HC-6U, taajuus 1834.000 KC. P\u00e4\u00e4s\u00e4\u00e4nt\u00f6isesti k\u00e4ytettyj\u00e4.<\/p>","protected":false},"excerpt":{"rendered":"<p>Kide HC-6U, taajuus 1834.000 KC. P\u00e4\u00e4s\u00e4\u00e4nt\u00f6isesti k\u00e4ytettyj\u00e4.<\/p>","protected":false},"featured_media":17173,"template":"","meta":[],"_links":{"self":[{"href":"https:\/\/www.radiomarket.fi\/en\/wp-json\/wp\/v2\/product\/23380"}],"collection":[{"href":"https:\/\/www.radiomarket.fi\/en\/wp-json\/wp\/v2\/product"}],"about":[{"href":"https:\/\/www.radiomarket.fi\/en\/wp-json\/wp\/v2\/types\/product"}],"wp:featuredmedia":[{"embeddable":true,"href":"https:\/\/www.radiomarket.fi\/en\/wp-json\/wp\/v2\/media\/17173"}],"wp:attachment":[{"href":"https:\/\/www.radiomarket.fi\/en\/wp-json\/wp\/v2\/media?parent=23380"}],"curies":[{"name":"wp","href":"https:\/\/api.w.org\/{rel}","templated":true}]}}