{"id":23382,"date":"2020-10-05T11:34:19","date_gmt":"2020-10-05T08:34:19","guid":{"rendered":"https:\/\/www.radiomarket.fi\/tuote\/kide-hc-6u-1-8974\/"},"modified":"2021-11-29T15:19:55","modified_gmt":"2021-11-29T13:19:55","slug":"hc-6u-1-8974-kide","status":"publish","type":"product","link":"https:\/\/www.radiomarket.fi\/en\/kohde\/hc-6u-1-8974-kide\/","title":{"rendered":"EKUA4509 HC-6U 1.8974 Kide (EKUM)"},"content":{"rendered":"<p>Kide HC-6U, taajuus 1.8974. P\u00e4\u00e4s\u00e4\u00e4nt\u00f6isesti k\u00e4ytettyj\u00e4.<\/p>","protected":false},"excerpt":{"rendered":"<p>Kide HC-6U, taajuus 1.8974. P\u00e4\u00e4s\u00e4\u00e4nt\u00f6isesti k\u00e4ytettyj\u00e4.<\/p>","protected":false},"featured_media":17173,"template":"","meta":[],"_links":{"self":[{"href":"https:\/\/www.radiomarket.fi\/en\/wp-json\/wp\/v2\/product\/23382"}],"collection":[{"href":"https:\/\/www.radiomarket.fi\/en\/wp-json\/wp\/v2\/product"}],"about":[{"href":"https:\/\/www.radiomarket.fi\/en\/wp-json\/wp\/v2\/types\/product"}],"wp:featuredmedia":[{"embeddable":true,"href":"https:\/\/www.radiomarket.fi\/en\/wp-json\/wp\/v2\/media\/17173"}],"wp:attachment":[{"href":"https:\/\/www.radiomarket.fi\/en\/wp-json\/wp\/v2\/media?parent=23382"}],"curies":[{"name":"wp","href":"https:\/\/api.w.org\/{rel}","templated":true}]}}