{"id":23448,"date":"2020-10-05T11:34:42","date_gmt":"2020-10-05T08:34:42","guid":{"rendered":"https:\/\/www.radiomarket.fi\/tuote\/kide-ft243-8000-khz\/"},"modified":"2021-11-29T15:45:53","modified_gmt":"2021-11-29T13:45:53","slug":"ft243-8000-khz-kide","status":"publish","type":"product","link":"https:\/\/www.radiomarket.fi\/en\/kohde\/ft243-8000-khz-kide\/","title":{"rendered":"EKUA4443 FT243 8000 kHz Kide (EKUM)"},"content":{"rendered":"<p>Kide FT243, taajuus 8000 kHz. P\u00e4\u00e4s\u00e4\u00e4nt\u00f6isesti U.S Armyn ylij\u00e4\u00e4m\u00e4\u00e4 ja k\u00e4ytettyj\u00e4.<\/p>","protected":false},"excerpt":{"rendered":"<p>Kide FT243, taajuus 8000 kHz. P\u00e4\u00e4s\u00e4\u00e4nt\u00f6isesti U.S Armyn ylij\u00e4\u00e4m\u00e4\u00e4 ja k\u00e4ytettyj\u00e4.<\/p>","protected":false},"featured_media":17172,"template":"","meta":[],"_links":{"self":[{"href":"https:\/\/www.radiomarket.fi\/en\/wp-json\/wp\/v2\/product\/23448"}],"collection":[{"href":"https:\/\/www.radiomarket.fi\/en\/wp-json\/wp\/v2\/product"}],"about":[{"href":"https:\/\/www.radiomarket.fi\/en\/wp-json\/wp\/v2\/types\/product"}],"wp:featuredmedia":[{"embeddable":true,"href":"https:\/\/www.radiomarket.fi\/en\/wp-json\/wp\/v2\/media\/17172"}],"wp:attachment":[{"href":"https:\/\/www.radiomarket.fi\/en\/wp-json\/wp\/v2\/media?parent=23448"}],"curies":[{"name":"wp","href":"https:\/\/api.w.org\/{rel}","templated":true}]}}