{"id":23484,"date":"2025-06-05T11:00:54","date_gmt":"2025-06-05T08:00:54","guid":{"rendered":"https:\/\/www.radiomarket.fi\/tuote\/kide-ft243-7440\/"},"modified":"2025-06-13T11:42:20","modified_gmt":"2025-06-13T08:42:20","slug":"ft243-7440-kide","status":"publish","type":"product","link":"https:\/\/www.radiomarket.fi\/en\/kohde\/ft243-7440-kide\/","title":{"rendered":"EKUA4407 FT243 7440 kHz Kide (EKUM)"},"content":{"rendered":"<p>Kide FT243, taajuus 7440. U.S. Armyn ylij\u00e4\u00e4m\u00e4\u00e4, p\u00e4\u00e4s\u00e4\u00e4nt\u00f6isesti k\u00e4ytettyj\u00e4.<\/p>","protected":false},"excerpt":{"rendered":"<p>Kide FT243, taajuus 7440. U.S. Armyn ylij\u00e4\u00e4m\u00e4\u00e4, p\u00e4\u00e4s\u00e4\u00e4nt\u00f6isesti k\u00e4ytettyj\u00e4.<\/p>","protected":false},"featured_media":17172,"template":"","meta":[],"_links":{"self":[{"href":"https:\/\/www.radiomarket.fi\/en\/wp-json\/wp\/v2\/product\/23484"}],"collection":[{"href":"https:\/\/www.radiomarket.fi\/en\/wp-json\/wp\/v2\/product"}],"about":[{"href":"https:\/\/www.radiomarket.fi\/en\/wp-json\/wp\/v2\/types\/product"}],"wp:featuredmedia":[{"embeddable":true,"href":"https:\/\/www.radiomarket.fi\/en\/wp-json\/wp\/v2\/media\/17172"}],"wp:attachment":[{"href":"https:\/\/www.radiomarket.fi\/en\/wp-json\/wp\/v2\/media?parent=23484"}],"curies":[{"name":"wp","href":"https:\/\/api.w.org\/{rel}","templated":true}]}}