{"id":23562,"date":"2020-10-05T11:35:22","date_gmt":"2020-10-05T08:35:22","guid":{"rendered":"https:\/\/www.radiomarket.fi\/tuote\/kide-ft243-6450\/"},"modified":"2021-11-15T16:53:40","modified_gmt":"2021-11-15T14:53:40","slug":"ft243-6450-kide","status":"publish","type":"product","link":"https:\/\/www.radiomarket.fi\/en\/kohde\/ft243-6450-kide\/","title":{"rendered":"EKUA4329 FT243 6450 kHz Kide (EKUM)"},"content":{"rendered":"<p>Kide FT243, taajuus 6450. U.S. Armyn ylij\u00e4\u00e4m\u00e4\u00e4, p\u00e4\u00e4s\u00e4\u00e4nt\u00f6isesti k\u00e4ytettyj\u00e4.<\/p>","protected":false},"excerpt":{"rendered":"<p>Kide FT243, taajuus 6450. U.S. Armyn ylij\u00e4\u00e4m\u00e4\u00e4, p\u00e4\u00e4s\u00e4\u00e4nt\u00f6isesti k\u00e4ytettyj\u00e4.<\/p>","protected":false},"featured_media":17172,"template":"","meta":[],"_links":{"self":[{"href":"https:\/\/www.radiomarket.fi\/en\/wp-json\/wp\/v2\/product\/23562"}],"collection":[{"href":"https:\/\/www.radiomarket.fi\/en\/wp-json\/wp\/v2\/product"}],"about":[{"href":"https:\/\/www.radiomarket.fi\/en\/wp-json\/wp\/v2\/types\/product"}],"wp:featuredmedia":[{"embeddable":true,"href":"https:\/\/www.radiomarket.fi\/en\/wp-json\/wp\/v2\/media\/17172"}],"wp:attachment":[{"href":"https:\/\/www.radiomarket.fi\/en\/wp-json\/wp\/v2\/media?parent=23562"}],"curies":[{"name":"wp","href":"https:\/\/api.w.org\/{rel}","templated":true}]}}