{"id":23567,"date":"2020-10-05T11:35:24","date_gmt":"2020-10-05T08:35:24","guid":{"rendered":"https:\/\/www.radiomarket.fi\/tuote\/kide-ft243-6375\/"},"modified":"2021-11-15T14:33:39","modified_gmt":"2021-11-15T12:33:39","slug":"ft243-6375-kide","status":"publish","type":"product","link":"https:\/\/www.radiomarket.fi\/en\/kohde\/ft243-6375-kide\/","title":{"rendered":"EKUA4324 FT243 6375 kHz Kide (EKUM)"},"content":{"rendered":"<p>Kide FT243, taajuus 6375. U.S. Armyn ylij\u00e4\u00e4m\u00e4\u00e4, p\u00e4\u00e4s\u00e4\u00e4nt\u00f6isesti k\u00e4ytettyj\u00e4.<\/p>","protected":false},"excerpt":{"rendered":"<p>Kide FT243, taajuus 6375. U.S. Armyn ylij\u00e4\u00e4m\u00e4\u00e4, p\u00e4\u00e4s\u00e4\u00e4nt\u00f6isesti k\u00e4ytettyj\u00e4.<\/p>","protected":false},"featured_media":17172,"template":"","meta":[],"_links":{"self":[{"href":"https:\/\/www.radiomarket.fi\/en\/wp-json\/wp\/v2\/product\/23567"}],"collection":[{"href":"https:\/\/www.radiomarket.fi\/en\/wp-json\/wp\/v2\/product"}],"about":[{"href":"https:\/\/www.radiomarket.fi\/en\/wp-json\/wp\/v2\/types\/product"}],"wp:featuredmedia":[{"embeddable":true,"href":"https:\/\/www.radiomarket.fi\/en\/wp-json\/wp\/v2\/media\/17172"}],"wp:attachment":[{"href":"https:\/\/www.radiomarket.fi\/en\/wp-json\/wp\/v2\/media?parent=23567"}],"curies":[{"name":"wp","href":"https:\/\/api.w.org\/{rel}","templated":true}]}}