{"id":23791,"date":"2026-03-18T11:36:38","date_gmt":"2026-03-18T09:36:38","guid":{"rendered":"https:\/\/www.radiomarket.fi\/tuote\/ekua4064-tuntematon-putkenkanta\/"},"modified":"2026-03-18T15:01:08","modified_gmt":"2026-03-18T13:01:08","slug":"ekua4064-terasputken-putkenkanta","status":"publish","type":"product","link":"https:\/\/www.radiomarket.fi\/en\/kohde\/ekua4064-terasputken-putkenkanta\/","title":{"rendered":"EKUA4064 Y8A Ter\u00e4sputken putkenkanta (EKUS)"},"content":{"rendered":"<p>Y8A pin TVBE, sopii mm. 11-sarjan putkille. Putkenpidin. Myyd\u00e4\u00e4n paremmuusj\u00e4rjestyksess\u00e4, uudet myyd\u00e4\u00e4n ensin. Kirjetoimitus.<\/p>","protected":false},"excerpt":{"rendered":"<p>Y8A pin TVBE, sopii mm. 11-sarjan putkille. Putkenpidin. Myyd\u00e4\u00e4n paremmuusj\u00e4rjestyksess\u00e4, uudet myyd\u00e4\u00e4n ensin. Kirjetoimitus.<\/p>","protected":false},"featured_media":6108,"template":"","meta":[],"_links":{"self":[{"href":"https:\/\/www.radiomarket.fi\/en\/wp-json\/wp\/v2\/product\/23791"}],"collection":[{"href":"https:\/\/www.radiomarket.fi\/en\/wp-json\/wp\/v2\/product"}],"about":[{"href":"https:\/\/www.radiomarket.fi\/en\/wp-json\/wp\/v2\/types\/product"}],"wp:featuredmedia":[{"embeddable":true,"href":"https:\/\/www.radiomarket.fi\/en\/wp-json\/wp\/v2\/media\/6108"}],"wp:attachment":[{"href":"https:\/\/www.radiomarket.fi\/en\/wp-json\/wp\/v2\/media?parent=23791"}],"curies":[{"name":"wp","href":"https:\/\/api.w.org\/{rel}","templated":true}]}}