{"id":23808,"date":"2020-10-05T11:36:48","date_gmt":"2020-10-05T08:36:48","guid":{"rendered":"https:\/\/www.radiomarket.fi\/tuote\/ekua4006-salora-15l30typel30a\/"},"modified":"2024-03-07T17:30:13","modified_gmt":"2024-03-07T15:30:13","slug":"ekua4006-salora-15l30typel30a","status":"publish","type":"product","link":"https:\/\/www.radiomarket.fi\/en\/kohde\/ekua4006-salora-15l30typel30a\/","title":{"rendered":"EKUA4006 Salora 15L30TypeL30A"},"content":{"rendered":"<p>Ei antennia, pohja vaatii puhdistusta. Varastoitu vaihtelevissa l\u00e4mp\u00f6tiloissa. Ei tutkittu tarkemmin.<\/p>","protected":false},"excerpt":{"rendered":"<p>Suosittelemme S\u00e4rkyv\u00e4-lis\u00e4palvelua t\u00e4m\u00e4n tuotekategorian tuotteille.<\/p>","protected":false},"featured_media":6045,"template":"","meta":[],"_links":{"self":[{"href":"https:\/\/www.radiomarket.fi\/en\/wp-json\/wp\/v2\/product\/23808"}],"collection":[{"href":"https:\/\/www.radiomarket.fi\/en\/wp-json\/wp\/v2\/product"}],"about":[{"href":"https:\/\/www.radiomarket.fi\/en\/wp-json\/wp\/v2\/types\/product"}],"wp:featuredmedia":[{"embeddable":true,"href":"https:\/\/www.radiomarket.fi\/en\/wp-json\/wp\/v2\/media\/6045"}],"wp:attachment":[{"href":"https:\/\/www.radiomarket.fi\/en\/wp-json\/wp\/v2\/media?parent=23808"}],"curies":[{"name":"wp","href":"https:\/\/api.w.org\/{rel}","templated":true}]}}