{"id":23830,"date":"2020-10-05T11:37:03","date_gmt":"2020-10-05T08:37:03","guid":{"rendered":"https:\/\/www.radiomarket.fi\/tuote\/ekua3033-tuntematon-valaisin\/"},"modified":"2021-02-03T11:43:16","modified_gmt":"2021-02-03T09:43:16","slug":"ekua3033-tuntematon-valaisin","status":"publish","type":"product","link":"https:\/\/www.radiomarket.fi\/en\/kohde\/ekua3033-tuntematon-valaisin\/","title":{"rendered":"EKUA3033 Tuntematon Valaisin"},"content":{"rendered":"Valokuvaajan pimi\u00f6n punainen valo? Alkuper\u00e4inen hinta rupla ja 50 kopeekkaa. Hieman ruostetta","protected":false},"excerpt":{"rendered":"<p>Valokuvaajan pimi\u00f6n punainen valo? Alkuper\u00e4inen hinta rupla ja 50 kopeekkaa. Hieman ruostetta<\/p>","protected":false},"featured_media":5842,"template":"","meta":[],"_links":{"self":[{"href":"https:\/\/www.radiomarket.fi\/en\/wp-json\/wp\/v2\/product\/23830"}],"collection":[{"href":"https:\/\/www.radiomarket.fi\/en\/wp-json\/wp\/v2\/product"}],"about":[{"href":"https:\/\/www.radiomarket.fi\/en\/wp-json\/wp\/v2\/types\/product"}],"wp:featuredmedia":[{"embeddable":true,"href":"https:\/\/www.radiomarket.fi\/en\/wp-json\/wp\/v2\/media\/5842"}],"wp:attachment":[{"href":"https:\/\/www.radiomarket.fi\/en\/wp-json\/wp\/v2\/media?parent=23830"}],"curies":[{"name":"wp","href":"https:\/\/api.w.org\/{rel}","templated":true}]}}