{"id":23847,"date":"2020-10-05T11:37:12","date_gmt":"2020-10-05T08:37:12","guid":{"rendered":"https:\/\/www.radiomarket.fi\/tuote\/ekua3010-salora-950-v\/"},"modified":"2020-10-05T11:37:12","modified_gmt":"2020-10-05T08:37:12","slug":"ekua3010-salora-950-v","status":"publish","type":"product","link":"https:\/\/www.radiomarket.fi\/en\/kohde\/ekua3010-salora-950-v\/","title":{"rendered":"EKUA3010 Salora 950 V"},"content":{"rendered":"P\u00e4\u00e4liviilu puuttuu","protected":false},"excerpt":{"rendered":"<p>P\u00e4\u00e4liviilu puuttuu<\/p>","protected":false},"featured_media":5772,"template":"","meta":[],"_links":{"self":[{"href":"https:\/\/www.radiomarket.fi\/en\/wp-json\/wp\/v2\/product\/23847"}],"collection":[{"href":"https:\/\/www.radiomarket.fi\/en\/wp-json\/wp\/v2\/product"}],"about":[{"href":"https:\/\/www.radiomarket.fi\/en\/wp-json\/wp\/v2\/types\/product"}],"wp:featuredmedia":[{"embeddable":true,"href":"https:\/\/www.radiomarket.fi\/en\/wp-json\/wp\/v2\/media\/5772"}],"wp:attachment":[{"href":"https:\/\/www.radiomarket.fi\/en\/wp-json\/wp\/v2\/media?parent=23847"}],"curies":[{"name":"wp","href":"https:\/\/api.w.org\/{rel}","templated":true}]}}