{"id":23860,"date":"2020-10-05T11:37:20","date_gmt":"2020-10-05T08:37:20","guid":{"rendered":"https:\/\/www.radiomarket.fi\/tuote\/ekua2847-tuntematon-ite-mini-3\/"},"modified":"2022-09-22T13:16:35","modified_gmt":"2022-09-22T10:16:35","slug":"ekua2847-tuntematon-ite-mini-3","status":"publish","type":"product","link":"https:\/\/www.radiomarket.fi\/en\/kohde\/ekua2847-tuntematon-ite-mini-3\/","title":{"rendered":"EKUA2847 Osmo A. Wiio Mini-3 radion kotelo NOS"},"content":{"rendered":"Punainen, vaaleanpunainen, sininen saippuakotelo 1950-luvulta, sama malli kuin kirjassa Taskuradiot. Tuote on k\u00e4ytt\u00e4m\u00e4t\u00f6n.","protected":false},"excerpt":{"rendered":"<p>Punainen, vaaleanpunainen, sininen saippuakotelo 1950-luvulta, sama malli kuin kirjassa Taskuradiot. Tuote on k\u00e4ytt\u00e4m\u00e4t\u00f6n.<\/p>","protected":false},"featured_media":5721,"template":"","meta":[],"_links":{"self":[{"href":"https:\/\/www.radiomarket.fi\/en\/wp-json\/wp\/v2\/product\/23860"}],"collection":[{"href":"https:\/\/www.radiomarket.fi\/en\/wp-json\/wp\/v2\/product"}],"about":[{"href":"https:\/\/www.radiomarket.fi\/en\/wp-json\/wp\/v2\/types\/product"}],"wp:featuredmedia":[{"embeddable":true,"href":"https:\/\/www.radiomarket.fi\/en\/wp-json\/wp\/v2\/media\/5721"}],"wp:attachment":[{"href":"https:\/\/www.radiomarket.fi\/en\/wp-json\/wp\/v2\/media?parent=23860"}],"curies":[{"name":"wp","href":"https:\/\/api.w.org\/{rel}","templated":true}]}}