{"id":23866,"date":"2020-10-05T11:37:22","date_gmt":"2020-10-05T08:37:22","guid":{"rendered":"https:\/\/www.radiomarket.fi\/tuote\/ekua2823-philipsfenno-putkiradio\/"},"modified":"2022-09-19T17:52:59","modified_gmt":"2022-09-19T14:52:59","slug":"ekua2823-philipsfenno-putkiradio","status":"publish","type":"product","link":"https:\/\/www.radiomarket.fi\/en\/kohde\/ekua2823-philipsfenno-putkiradio\/","title":{"rendered":"EKUA2823 Philips; Fenno putkiradion koneisto"},"content":{"rendered":"<p>Myyd\u00e4\u00e4n varaosiksi asteikkolasi ja koneisto ilman putkia. Asteikon alareunassa v\u00e4rikaistassa maalin irtoamista, muuten asteikko ok.\u00a0<\/p>","protected":false},"excerpt":{"rendered":"<p>Myyd\u00e4\u00e4n varaosiksi asteikkolasi ja koneisto ilman putkia. Asteikon alareunassa v\u00e4rikaistassa maalin irtoamista, muuten asteikko ok.\u00a0<\/p>","protected":false},"featured_media":5709,"template":"","meta":[],"_links":{"self":[{"href":"https:\/\/www.radiomarket.fi\/en\/wp-json\/wp\/v2\/product\/23866"}],"collection":[{"href":"https:\/\/www.radiomarket.fi\/en\/wp-json\/wp\/v2\/product"}],"about":[{"href":"https:\/\/www.radiomarket.fi\/en\/wp-json\/wp\/v2\/types\/product"}],"wp:featuredmedia":[{"embeddable":true,"href":"https:\/\/www.radiomarket.fi\/en\/wp-json\/wp\/v2\/media\/5709"}],"wp:attachment":[{"href":"https:\/\/www.radiomarket.fi\/en\/wp-json\/wp\/v2\/media?parent=23866"}],"curies":[{"name":"wp","href":"https:\/\/api.w.org\/{rel}","templated":true}]}}