{"id":23871,"date":"2020-10-05T11:37:24","date_gmt":"2020-10-05T08:37:24","guid":{"rendered":"https:\/\/www.radiomarket.fi\/tuote\/ekua2818-telefunken-l343wl-t343wl-343wl-343gl-l343g-t343gl\/"},"modified":"2023-08-12T12:11:49","modified_gmt":"2023-08-12T09:11:49","slug":"ekua2818-telefunken-l343wl-t343wl-343wl-343gl-l343g-t343gl","status":"publish","type":"product","link":"https:\/\/www.radiomarket.fi\/en\/kohde\/ekua2818-telefunken-l343wl-t343wl-343wl-343gl-l343g-t343gl\/","title":{"rendered":"EKUA2818 Telefunken L343WL \/ T343WL \/ 343WL \/ 343GL \/ L343G \/ T343GL"},"content":{"rendered":"<p>Ehj\u00e4 bakeliittikotelo, toisessa kuvassa n\u00e4kyv\u00e4t kolhut kehysharjanteessa. Kotelo ei ole malleista 343G tai 343W.<\/p>","protected":false},"excerpt":{"rendered":"<p>Ehj\u00e4 bakeliittikotelo, toisessa kuvassa n\u00e4kyv\u00e4t kolhut kehysharjanteessa. Kotelo ei ole malleista 343G tai 343W.<\/p>","protected":false},"featured_media":5699,"template":"","meta":[],"_links":{"self":[{"href":"https:\/\/www.radiomarket.fi\/en\/wp-json\/wp\/v2\/product\/23871"}],"collection":[{"href":"https:\/\/www.radiomarket.fi\/en\/wp-json\/wp\/v2\/product"}],"about":[{"href":"https:\/\/www.radiomarket.fi\/en\/wp-json\/wp\/v2\/types\/product"}],"wp:featuredmedia":[{"embeddable":true,"href":"https:\/\/www.radiomarket.fi\/en\/wp-json\/wp\/v2\/media\/5699"}],"wp:attachment":[{"href":"https:\/\/www.radiomarket.fi\/en\/wp-json\/wp\/v2\/media?parent=23871"}],"curies":[{"name":"wp","href":"https:\/\/api.w.org\/{rel}","templated":true}]}}