{"id":23882,"date":"2020-10-05T11:37:30","date_gmt":"2020-10-05T08:37:30","guid":{"rendered":"https:\/\/www.radiomarket.fi\/tuote\/ekua2803-helvarceleston-putkiradio\/"},"modified":"2020-10-05T11:37:30","modified_gmt":"2020-10-05T08:37:30","slug":"ekua2803-helvarceleston-putkiradio","status":"publish","type":"product","link":"https:\/\/www.radiomarket.fi\/en\/kohde\/ekua2803-helvarceleston-putkiradio\/","title":{"rendered":"EKUA2803 Helvar; Celeston putkiradio"},"content":{"rendered":"Messinkinen kehyslista ja muovit virheett\u00f6m\u00e4t, samoin hyv\u00e4t puut. Keskilista taittunut. Etusein\u00e4. Valkoisen osan \u201dhammasv\u00e4li\u201d 133mm, \u00e4\u00e4nenv\u00e4rist\u00e4 hammasv\u00e4liin 30mm, \u00e4\u00e4nenv\u00e4ris\u00e4\u00e4timien lovien ulkoreunojen v\u00e4li 270mm. Logona ollut Celeston.\r\nListan mitta: \r\nsuora osa alareunassa siihen asti kun kulmat alkavat py\u00f6risty\u00e4 500mm\r\nvastaava yl\u00e4reunassa 525mm\r\npystyosat 240mm.","protected":false},"excerpt":{"rendered":"<p>Messinkinen kehyslista ja muovit virheett\u00f6m\u00e4t, samoin hyv\u00e4t puut. Keskilista taittunut. Etusein\u00e4. Valkoisen osan \u201dhammasv\u00e4li\u201d 133mm, \u00e4\u00e4nenv\u00e4rist\u00e4 hammasv\u00e4liin 30mm, \u00e4\u00e4nenv\u00e4ris\u00e4\u00e4timien lovien ulkoreunojen v\u00e4li 270mm. Logona ollut Celeston. Listan mitta: suora osa alareunassa siihen asti kun kulmat alkavat py\u00f6risty\u00e4 500mm vastaava yl\u00e4reunassa 525mm pystyosat 240mm.<\/p>","protected":false},"featured_media":5643,"template":"","meta":[],"_links":{"self":[{"href":"https:\/\/www.radiomarket.fi\/en\/wp-json\/wp\/v2\/product\/23882"}],"collection":[{"href":"https:\/\/www.radiomarket.fi\/en\/wp-json\/wp\/v2\/product"}],"about":[{"href":"https:\/\/www.radiomarket.fi\/en\/wp-json\/wp\/v2\/types\/product"}],"wp:featuredmedia":[{"embeddable":true,"href":"https:\/\/www.radiomarket.fi\/en\/wp-json\/wp\/v2\/media\/5643"}],"wp:attachment":[{"href":"https:\/\/www.radiomarket.fi\/en\/wp-json\/wp\/v2\/media?parent=23882"}],"curies":[{"name":"wp","href":"https:\/\/api.w.org\/{rel}","templated":true}]}}