{"id":23920,"date":"2020-10-05T11:37:45","date_gmt":"2020-10-05T08:37:45","guid":{"rendered":"https:\/\/www.radiomarket.fi\/tuote\/ekua2770x-tuntematon-kela\/"},"modified":"2020-10-05T11:37:45","modified_gmt":"2020-10-05T08:37:45","slug":"ekua2770x-tuntematon-kela","status":"publish","type":"product","link":"https:\/\/www.radiomarket.fi\/en\/kohde\/ekua2770x-tuntematon-kela\/","title":{"rendered":"EKUA2770x Tuntematon Kela"},"content":{"rendered":"My\u00f6s sis\u00e4kelat. Kolme kappaletta.","protected":false},"excerpt":{"rendered":"<p>My\u00f6s sis\u00e4kelat. Kolme kappaletta.<\/p>","protected":false},"featured_media":5587,"template":"","meta":[],"_links":{"self":[{"href":"https:\/\/www.radiomarket.fi\/en\/wp-json\/wp\/v2\/product\/23920"}],"collection":[{"href":"https:\/\/www.radiomarket.fi\/en\/wp-json\/wp\/v2\/product"}],"about":[{"href":"https:\/\/www.radiomarket.fi\/en\/wp-json\/wp\/v2\/types\/product"}],"wp:featuredmedia":[{"embeddable":true,"href":"https:\/\/www.radiomarket.fi\/en\/wp-json\/wp\/v2\/media\/5587"}],"wp:attachment":[{"href":"https:\/\/www.radiomarket.fi\/en\/wp-json\/wp\/v2\/media?parent=23920"}],"curies":[{"name":"wp","href":"https:\/\/api.w.org\/{rel}","templated":true}]}}