{"id":23923,"date":"2020-10-05T11:37:45","date_gmt":"2020-10-05T08:37:45","guid":{"rendered":"https:\/\/www.radiomarket.fi\/tuote\/ekua2769-scotch-2-hours-lvc-130\/"},"modified":"2022-10-19T12:58:47","modified_gmt":"2022-10-19T09:58:47","slug":"ekua2769-scotch-2-hours-lvc-130","status":"publish","type":"product","link":"https:\/\/www.radiomarket.fi\/en\/kohde\/ekua2769-scotch-2-hours-lvc-130\/","title":{"rendered":"EKUA2769 Scotch 2 hours LVC 130 (EKUM)"},"content":{"rendered":"<p>2 h LVC 130, kotelovika, k\u00e4ytetty VCR-kasetti.<br \/><br \/>Sis\u00e4lt\u00f6j\u00e4 ei ole pystytty varmentamaan. Nauhojen p\u00e4\u00e4lle on saatettu tallentaa uutta sis\u00e4lt\u00f6\u00e4 tai ne on voitu demagnetisoida.<br \/><br \/>Varastoitu vaihtelevissa l\u00e4mp\u00f6tiloissa. Katso my\u00f6s EKUA2766, EKUA2767, EKUA2768 ja EKUM2200.<\/p>","protected":false},"excerpt":{"rendered":"<p>2 h LVC 130, kotelovika, k\u00e4ytetty VCR-kasetti.Sis\u00e4lt\u00f6j\u00e4 ei ole pystytty varmentamaan. Nauhojen p\u00e4\u00e4lle on saatettu tallentaa uutta sis\u00e4lt\u00f6\u00e4 tai ne on voitu demagnetisoida.Varastoitu vaihtelevissa l\u00e4mp\u00f6tiloissa. Katso my\u00f6s EKUA2766, EKUA2767, EKUA2768 ja EKUM2200.<\/p>","protected":false},"featured_media":5585,"template":"","meta":[],"_links":{"self":[{"href":"https:\/\/www.radiomarket.fi\/en\/wp-json\/wp\/v2\/product\/23923"}],"collection":[{"href":"https:\/\/www.radiomarket.fi\/en\/wp-json\/wp\/v2\/product"}],"about":[{"href":"https:\/\/www.radiomarket.fi\/en\/wp-json\/wp\/v2\/types\/product"}],"wp:featuredmedia":[{"embeddable":true,"href":"https:\/\/www.radiomarket.fi\/en\/wp-json\/wp\/v2\/media\/5585"}],"wp:attachment":[{"href":"https:\/\/www.radiomarket.fi\/en\/wp-json\/wp\/v2\/media?parent=23923"}],"curies":[{"name":"wp","href":"https:\/\/api.w.org\/{rel}","templated":true}]}}