{"id":23925,"date":"2020-10-05T11:37:46","date_gmt":"2020-10-05T08:37:46","guid":{"rendered":"https:\/\/www.radiomarket.fi\/tuote\/ekua2768-scotch-vcr-vc-45\/"},"modified":"2022-10-19T12:57:44","modified_gmt":"2022-10-19T09:57:44","slug":"ekua2768-scotch-vcr-vc-45","status":"publish","type":"product","link":"https:\/\/www.radiomarket.fi\/en\/kohde\/ekua2768-scotch-vcr-vc-45\/","title":{"rendered":"EKUA2768 Scotch VCR VC-45 (EKUM)"},"content":{"rendered":"<p>K\u00e4ytetty, sis\u00e4lt\u00f6\u00e4 ei tarkastettu. Kotelon kannen kulmasta puuttuu pala.<br \/><br \/>Sis\u00e4lt\u00f6j\u00e4 ei ole pystytty varmentamaan. Nauhojen p\u00e4\u00e4lle on saatettu tallentaa uutta sis\u00e4lt\u00f6\u00e4 tai ne on voitu demagnetisoida.<br \/><br \/>Varastoitu vaihtelevissa l\u00e4mp\u00f6tiloissa. Katso my\u00f6s EKUA2766, EKUA2767, EKUA2769 ja EKUM2200.<\/p>","protected":false},"excerpt":{"rendered":"<p>K\u00e4ytetty, sis\u00e4lt\u00f6\u00e4 ei tarkastettu. Kotelon kannen kulmasta puuttuu pala.Sis\u00e4lt\u00f6j\u00e4 ei ole pystytty varmentamaan. Nauhojen p\u00e4\u00e4lle on saatettu tallentaa uutta sis\u00e4lt\u00f6\u00e4 tai ne on voitu demagnetisoida.Varastoitu vaihtelevissa l\u00e4mp\u00f6tiloissa. Katso my\u00f6s EKUA2766, EKUA2767, EKUA2769 ja EKUM2200.<\/p>","protected":false},"featured_media":5583,"template":"","meta":[],"_links":{"self":[{"href":"https:\/\/www.radiomarket.fi\/en\/wp-json\/wp\/v2\/product\/23925"}],"collection":[{"href":"https:\/\/www.radiomarket.fi\/en\/wp-json\/wp\/v2\/product"}],"about":[{"href":"https:\/\/www.radiomarket.fi\/en\/wp-json\/wp\/v2\/types\/product"}],"wp:featuredmedia":[{"embeddable":true,"href":"https:\/\/www.radiomarket.fi\/en\/wp-json\/wp\/v2\/media\/5583"}],"wp:attachment":[{"href":"https:\/\/www.radiomarket.fi\/en\/wp-json\/wp\/v2\/media?parent=23925"}],"curies":[{"name":"wp","href":"https:\/\/api.w.org\/{rel}","templated":true}]}}