{"id":23929,"date":"2020-10-05T11:37:47","date_gmt":"2020-10-05T08:37:47","guid":{"rendered":"https:\/\/www.radiomarket.fi\/tuote\/ekua2766-scotch-vcr\/"},"modified":"2022-10-19T12:55:53","modified_gmt":"2022-10-19T09:55:53","slug":"ekua2766-scotch-vcr","status":"publish","type":"product","link":"https:\/\/www.radiomarket.fi\/en\/kohde\/ekua2766-scotch-vcr\/","title":{"rendered":"EKUA2766 Scotch\/BASF VCR -nauha vc-60\/130min (EKUM)"},"content":{"rendered":"<p>min 60\/130, erilaisia. K\u00e4ytettyj\u00e4.<br \/><br \/><strong>Sis\u00e4ll\u00f6t merkint\u00f6jen mukaan<\/strong><br \/>&#8211; P\u00e5 svenska 97 b (Scotch)<br \/>&#8211; Malila Veikko Arto Nuutila (Scotch)<br \/>&#8211; V\u00e4it\u00f6stilaisuus 1-osa (Scotch)<br \/>-5. (BASF, merkitty vain numerolla 5)<br \/><br \/>Sis\u00e4lt\u00f6j\u00e4 ei ole pystytty varmentamaan.<br \/><br \/>Ainakin Scotchin nauhoja varastoitu vaihtelevissa l\u00e4mp\u00f6tiloissa. Tilatessasi kerrothan mink\u00e4 nauhoista haluat. Katso my\u00f6s EKUA2767, EKUA2768, EKUA2769 ja EKUM2200.<\/p>","protected":false},"excerpt":{"rendered":"<p>min 60\/130, erilaisia. K\u00e4ytettyj\u00e4.Sis\u00e4ll\u00f6t merkint\u00f6jen mukaan&#8211; P\u00e5 svenska 97 b (Scotch)&#8211; Malila Veikko Arto Nuutila (Scotch)&#8211; V\u00e4it\u00f6stilaisuus 1-osa (Scotch)-5. (BASF, merkitty vain numerolla 5)Sis\u00e4lt\u00f6j\u00e4 ei ole pystytty varmentamaan.Ainakin Scotchin nauhoja varastoitu vaihtelevissa l\u00e4mp\u00f6tiloissa. Tilatessasi kerrothan mink\u00e4 nauhoista haluat. Katso my\u00f6s EKUA2767, EKUA2768, EKUA2769 ja EKUM2200.<\/p>","protected":false},"featured_media":5581,"template":"","meta":[],"_links":{"self":[{"href":"https:\/\/www.radiomarket.fi\/en\/wp-json\/wp\/v2\/product\/23929"}],"collection":[{"href":"https:\/\/www.radiomarket.fi\/en\/wp-json\/wp\/v2\/product"}],"about":[{"href":"https:\/\/www.radiomarket.fi\/en\/wp-json\/wp\/v2\/types\/product"}],"wp:featuredmedia":[{"embeddable":true,"href":"https:\/\/www.radiomarket.fi\/en\/wp-json\/wp\/v2\/media\/5581"}],"wp:attachment":[{"href":"https:\/\/www.radiomarket.fi\/en\/wp-json\/wp\/v2\/media?parent=23929"}],"curies":[{"name":"wp","href":"https:\/\/api.w.org\/{rel}","templated":true}]}}