{"id":23940,"date":"2020-10-05T11:37:51","date_gmt":"2020-10-05T08:37:51","guid":{"rendered":"https:\/\/www.radiomarket.fi\/tuote\/ekua2758-jvc-rc-222l\/"},"modified":"2022-11-30T19:22:45","modified_gmt":"2022-11-30T17:22:45","slug":"ekua2758-jvc-rc-222l","status":"publish","type":"product","link":"https:\/\/www.radiomarket.fi\/en\/kohde\/ekua2758-jvc-rc-222l\/","title":{"rendered":"EKUA2758 JVC RC-222L myyd\u00e4\u00e4n my\u00f6s varaosina"},"content":{"rendered":"<p>Paristokotelon kansi puuttuu<\/p>","protected":false},"excerpt":{"rendered":"<p>Paristokotelon kansi puuttuu<\/p>","protected":false},"featured_media":5572,"template":"","meta":[],"_links":{"self":[{"href":"https:\/\/www.radiomarket.fi\/en\/wp-json\/wp\/v2\/product\/23940"}],"collection":[{"href":"https:\/\/www.radiomarket.fi\/en\/wp-json\/wp\/v2\/product"}],"about":[{"href":"https:\/\/www.radiomarket.fi\/en\/wp-json\/wp\/v2\/types\/product"}],"wp:featuredmedia":[{"embeddable":true,"href":"https:\/\/www.radiomarket.fi\/en\/wp-json\/wp\/v2\/media\/5572"}],"wp:attachment":[{"href":"https:\/\/www.radiomarket.fi\/en\/wp-json\/wp\/v2\/media?parent=23940"}],"curies":[{"name":"wp","href":"https:\/\/api.w.org\/{rel}","templated":true}]}}