{"id":23942,"date":"2024-01-16T11:37:52","date_gmt":"2024-01-16T09:37:52","guid":{"rendered":"https:\/\/www.radiomarket.fi\/tuote\/ekua2757-tuntematon-valilevyjen-eristetikut-lasiakku\/"},"modified":"2024-01-16T20:45:17","modified_gmt":"2024-01-16T18:45:17","slug":"ekua2757-akun-valilevyjen-eristetikut-lasiakku","status":"publish","type":"product","link":"https:\/\/www.radiomarket.fi\/en\/kohde\/ekua2757-akun-valilevyjen-eristetikut-lasiakku\/","title":{"rendered":"EKUA2757 V\u00e4lilevyjen eristetikut lasiakkuun (EKUB)"},"content":{"rendered":"<p>Laatikollinen, hinta yhdelt\u00e4, k\u00e4ytt\u00e4m\u00e4tt\u00f6mi\u00e4. Tiedustele saatavuus.<\/p>","protected":false},"excerpt":{"rendered":"<p>Laatikollinen, hinta yhdelt\u00e4, k\u00e4ytt\u00e4m\u00e4tt\u00f6mi\u00e4. Tiedustele saatavuus.<\/p>","protected":false},"featured_media":5569,"template":"","meta":[],"_links":{"self":[{"href":"https:\/\/www.radiomarket.fi\/en\/wp-json\/wp\/v2\/product\/23942"}],"collection":[{"href":"https:\/\/www.radiomarket.fi\/en\/wp-json\/wp\/v2\/product"}],"about":[{"href":"https:\/\/www.radiomarket.fi\/en\/wp-json\/wp\/v2\/types\/product"}],"wp:featuredmedia":[{"embeddable":true,"href":"https:\/\/www.radiomarket.fi\/en\/wp-json\/wp\/v2\/media\/5569"}],"wp:attachment":[{"href":"https:\/\/www.radiomarket.fi\/en\/wp-json\/wp\/v2\/media?parent=23942"}],"curies":[{"name":"wp","href":"https:\/\/api.w.org\/{rel}","templated":true}]}}