{"id":23976,"date":"2020-10-05T11:38:06","date_gmt":"2020-10-05T08:38:06","guid":{"rendered":"https:\/\/www.radiomarket.fi\/tuote\/ekua2729-asa-radio\/"},"modified":"2023-02-02T18:49:49","modified_gmt":"2023-02-02T16:49:49","slug":"ekua2729-asa-radio","status":"publish","type":"product","link":"https:\/\/www.radiomarket.fi\/en\/kohde\/ekua2729-asa-radio\/","title":{"rendered":"EKUA2729 Asa 405 tai 408 putkiradio"},"content":{"rendered":"<p>Harvinainen ASA. Laitteen kuori todella huonossa kunnossa, pohjaa ei ole ollenkaan, mutta arvokkaita varaosia laitteesta saa.<\/p><p>&nbsp;<\/p><p>T\u00e4h\u00e4n sopiva asteikkolevy saattaa l\u00f6yty\u00e4 meilt\u00e4.<\/p>","protected":false},"excerpt":{"rendered":"<p>Harvinainen ASA. Laitteen kuori todella huonossa kunnossa, pohjaa ei ole ollenkaan, mutta arvokkaita varaosia laitteesta saa.&nbsp;T\u00e4h\u00e4n sopiva asteikkolevy saattaa l\u00f6yty\u00e4 meilt\u00e4.<\/p>","protected":false},"featured_media":37654,"template":"","meta":[],"_links":{"self":[{"href":"https:\/\/www.radiomarket.fi\/en\/wp-json\/wp\/v2\/product\/23976"}],"collection":[{"href":"https:\/\/www.radiomarket.fi\/en\/wp-json\/wp\/v2\/product"}],"about":[{"href":"https:\/\/www.radiomarket.fi\/en\/wp-json\/wp\/v2\/types\/product"}],"wp:featuredmedia":[{"embeddable":true,"href":"https:\/\/www.radiomarket.fi\/en\/wp-json\/wp\/v2\/media\/37654"}],"wp:attachment":[{"href":"https:\/\/www.radiomarket.fi\/en\/wp-json\/wp\/v2\/media?parent=23976"}],"curies":[{"name":"wp","href":"https:\/\/api.w.org\/{rel}","templated":true}]}}