{"id":24009,"date":"2020-10-05T11:38:19","date_gmt":"2020-10-05T08:38:19","guid":{"rendered":"https:\/\/www.radiomarket.fi\/tuote\/ekua2692-tuntematon-putkiradion-pohjalevy\/"},"modified":"2020-10-05T11:38:19","modified_gmt":"2020-10-05T08:38:19","slug":"ekua2692-tuntematon-putkiradion-pohjalevy","status":"publish","type":"product","link":"https:\/\/www.radiomarket.fi\/en\/kohde\/ekua2692-tuntematon-putkiradion-pohjalevy\/","title":{"rendered":"EKUA2692 Tuntematon putkiradion pohjalevy"},"content":{"rendered":"Vaaleanruskea reik\u00e4levy, jossa toisella pitk\u00e4\u00e4 sivua yksi reik\u00e4 ruuville.","protected":false},"excerpt":{"rendered":"<p>Vaaleanruskea reik\u00e4levy, jossa toisella pitk\u00e4\u00e4 sivua yksi reik\u00e4 ruuville.<\/p>","protected":false},"featured_media":5427,"template":"","meta":[],"_links":{"self":[{"href":"https:\/\/www.radiomarket.fi\/en\/wp-json\/wp\/v2\/product\/24009"}],"collection":[{"href":"https:\/\/www.radiomarket.fi\/en\/wp-json\/wp\/v2\/product"}],"about":[{"href":"https:\/\/www.radiomarket.fi\/en\/wp-json\/wp\/v2\/types\/product"}],"wp:featuredmedia":[{"embeddable":true,"href":"https:\/\/www.radiomarket.fi\/en\/wp-json\/wp\/v2\/media\/5427"}],"wp:attachment":[{"href":"https:\/\/www.radiomarket.fi\/en\/wp-json\/wp\/v2\/media?parent=24009"}],"curies":[{"name":"wp","href":"https:\/\/api.w.org\/{rel}","templated":true}]}}