{"id":24042,"date":"2020-10-05T11:38:32","date_gmt":"2020-10-05T08:38:32","guid":{"rendered":"https:\/\/www.radiomarket.fi\/tuote\/ekua2661x-tuntematon-putkiradion-pohjalevy\/"},"modified":"2020-10-05T11:38:32","modified_gmt":"2020-10-05T08:38:32","slug":"ekua2661x-tuntematon-putkiradion-pohjalevy","status":"publish","type":"product","link":"https:\/\/www.radiomarket.fi\/en\/kohde\/ekua2661x-tuntematon-putkiradion-pohjalevy\/","title":{"rendered":"EKUA2661x Tuntematon putkiradion pohjalevy"},"content":{"rendered":"Reik\u00e4levy, jossa toisella puolella tinapaperip\u00e4\u00e4llyste. Ruuvinrei\u00e4t kulmissa, kulmat viistottu.","protected":false},"excerpt":{"rendered":"<p>Reik\u00e4levy, jossa toisella puolella tinapaperip\u00e4\u00e4llyste. Ruuvinrei\u00e4t kulmissa, kulmat viistottu.<\/p>","protected":false},"featured_media":5369,"template":"","meta":[],"_links":{"self":[{"href":"https:\/\/www.radiomarket.fi\/en\/wp-json\/wp\/v2\/product\/24042"}],"collection":[{"href":"https:\/\/www.radiomarket.fi\/en\/wp-json\/wp\/v2\/product"}],"about":[{"href":"https:\/\/www.radiomarket.fi\/en\/wp-json\/wp\/v2\/types\/product"}],"wp:featuredmedia":[{"embeddable":true,"href":"https:\/\/www.radiomarket.fi\/en\/wp-json\/wp\/v2\/media\/5369"}],"wp:attachment":[{"href":"https:\/\/www.radiomarket.fi\/en\/wp-json\/wp\/v2\/media?parent=24042"}],"curies":[{"name":"wp","href":"https:\/\/api.w.org\/{rel}","templated":true}]}}