{"id":24053,"date":"2020-10-05T11:38:39","date_gmt":"2020-10-05T08:38:39","guid":{"rendered":"https:\/\/www.radiomarket.fi\/tuote\/ekua2656-uher-704l\/"},"modified":"2020-10-05T11:38:39","modified_gmt":"2020-10-05T08:38:39","slug":"ekua2656-uher-704l","status":"publish","type":"product","link":"https:\/\/www.radiomarket.fi\/en\/kohde\/ekua2656-uher-704l\/","title":{"rendered":"EKUA2656 Uher 704L"},"content":{"rendered":"Mittarin ymp\u00e4ryspelti puuttuu, muuten siisti, pieni j\u00e4lki etupelliss\u00e4, johtoluukussa saranavika.","protected":false},"excerpt":{"rendered":"<p>Mittarin ymp\u00e4ryspelti puuttuu, muuten siisti, pieni j\u00e4lki etupelliss\u00e4, johtoluukussa saranavika.<\/p>","protected":false},"featured_media":5333,"template":"","meta":[],"_links":{"self":[{"href":"https:\/\/www.radiomarket.fi\/en\/wp-json\/wp\/v2\/product\/24053"}],"collection":[{"href":"https:\/\/www.radiomarket.fi\/en\/wp-json\/wp\/v2\/product"}],"about":[{"href":"https:\/\/www.radiomarket.fi\/en\/wp-json\/wp\/v2\/types\/product"}],"wp:featuredmedia":[{"embeddable":true,"href":"https:\/\/www.radiomarket.fi\/en\/wp-json\/wp\/v2\/media\/5333"}],"wp:attachment":[{"href":"https:\/\/www.radiomarket.fi\/en\/wp-json\/wp\/v2\/media?parent=24053"}],"curies":[{"name":"wp","href":"https:\/\/api.w.org\/{rel}","templated":true}]}}