{"id":24062,"date":"2020-10-05T11:38:44","date_gmt":"2020-10-05T08:38:44","guid":{"rendered":"https:\/\/www.radiomarket.fi\/tuote\/ekua2651x-tuntematon-putkiradion-taustalevy\/"},"modified":"2020-10-05T11:38:44","modified_gmt":"2020-10-05T08:38:44","slug":"ekua2651x-tuntematon-putkiradion-taustalevy","status":"publish","type":"product","link":"https:\/\/www.radiomarket.fi\/en\/kohde\/ekua2651x-tuntematon-putkiradion-taustalevy\/","title":{"rendered":"EKUA2651x Tuntematon putkiradion taustalevy"},"content":{"rendered":"Toiselta puolelta hyvin vaalea, toiselta puolelta keskiruskea puulevy, jossa keskell\u00e4 kaksi py\u00f6re\u00e4\u00e4 halkaisijaltaan 1,3 cm kokoista reik\u00e4\u00e4 ja kaksi pitk\u00e4nmallista, hieman isompaa reik\u00e4\u00e4. My\u00f6s kaksi ruuvinreik\u00e4\u00e4 reunoilla.","protected":false},"excerpt":{"rendered":"<p>Toiselta puolelta hyvin vaalea, toiselta puolelta keskiruskea puulevy, jossa keskell\u00e4 kaksi py\u00f6re\u00e4\u00e4 halkaisijaltaan 1,3 cm kokoista reik\u00e4\u00e4 ja kaksi pitk\u00e4nmallista, hieman isompaa reik\u00e4\u00e4. My\u00f6s kaksi ruuvinreik\u00e4\u00e4 reunoilla.<\/p>","protected":false},"featured_media":5305,"template":"","meta":[],"_links":{"self":[{"href":"https:\/\/www.radiomarket.fi\/en\/wp-json\/wp\/v2\/product\/24062"}],"collection":[{"href":"https:\/\/www.radiomarket.fi\/en\/wp-json\/wp\/v2\/product"}],"about":[{"href":"https:\/\/www.radiomarket.fi\/en\/wp-json\/wp\/v2\/types\/product"}],"wp:featuredmedia":[{"embeddable":true,"href":"https:\/\/www.radiomarket.fi\/en\/wp-json\/wp\/v2\/media\/5305"}],"wp:attachment":[{"href":"https:\/\/www.radiomarket.fi\/en\/wp-json\/wp\/v2\/media?parent=24062"}],"curies":[{"name":"wp","href":"https:\/\/api.w.org\/{rel}","templated":true}]}}