{"id":24070,"date":"2020-10-05T11:38:47","date_gmt":"2020-10-05T08:38:47","guid":{"rendered":"https:\/\/www.radiomarket.fi\/tuote\/ekua2647x-tuntematon-putkiradion-pohjalevy\/"},"modified":"2024-01-03T16:37:22","modified_gmt":"2024-01-03T14:37:22","slug":"ekua2647x-tuntematon-putkiradion-pohjalevy","status":"publish","type":"product","link":"https:\/\/www.radiomarket.fi\/en\/kohde\/ekua2647x-tuntematon-putkiradion-pohjalevy\/","title":{"rendered":"EKUA2647x Tuntematon putkiradion pohjalevy"},"content":{"rendered":"<p>Vaneria. Keskiruskea levy, jossa reunoilla kuusi ruuvinreik\u00e4\u00e4. Levyn toisella puolella kapean sivun suuntaisesti pienill\u00e4 nauloilla kiinnitetty kahdeksan senttimetri\u00e4 leve\u00e4 ja seitsem\u00e4n millimetri\u00e4 korkea puulevyn pala, joka on sijoitettu nelj\u00e4n senttimetrin p\u00e4\u00e4h\u00e4n levyn laidasta.<\/p>","protected":false},"excerpt":{"rendered":"<p>Vaneria. Keskiruskea levy, jossa reunoilla kuusi ruuvinreik\u00e4\u00e4. Levyn toisella puolella kapean sivun suuntaisesti pienill\u00e4 nauloilla kiinnitetty kahdeksan senttimetri\u00e4 leve\u00e4 ja seitsem\u00e4n millimetri\u00e4 korkea puulevyn pala, joka on sijoitettu nelj\u00e4n senttimetrin p\u00e4\u00e4h\u00e4n levyn laidasta.<\/p>","protected":false},"featured_media":5284,"template":"","meta":[],"_links":{"self":[{"href":"https:\/\/www.radiomarket.fi\/en\/wp-json\/wp\/v2\/product\/24070"}],"collection":[{"href":"https:\/\/www.radiomarket.fi\/en\/wp-json\/wp\/v2\/product"}],"about":[{"href":"https:\/\/www.radiomarket.fi\/en\/wp-json\/wp\/v2\/types\/product"}],"wp:featuredmedia":[{"embeddable":true,"href":"https:\/\/www.radiomarket.fi\/en\/wp-json\/wp\/v2\/media\/5284"}],"wp:attachment":[{"href":"https:\/\/www.radiomarket.fi\/en\/wp-json\/wp\/v2\/media?parent=24070"}],"curies":[{"name":"wp","href":"https:\/\/api.w.org\/{rel}","templated":true}]}}