{"id":24088,"date":"2020-10-05T11:38:57","date_gmt":"2020-10-05T08:38:57","guid":{"rendered":"https:\/\/www.radiomarket.fi\/tuote\/ekua2635x-tuntematon-radion-taustalevy\/"},"modified":"2020-10-05T11:38:57","modified_gmt":"2020-10-05T08:38:57","slug":"ekua2635x-tuntematon-radion-taustalevy","status":"publish","type":"product","link":"https:\/\/www.radiomarket.fi\/en\/kohde\/ekua2635x-tuntematon-radion-taustalevy\/","title":{"rendered":"EKUA2635x Tuntematon radion taustalevy"},"content":{"rendered":"Puinen reik\u00e4levy, johon painettu teksti\u00e4. Uurteet n\u00e4kyv\u00e4t levyn pinnassa, mutta teksti v\u00e4ri, joka on kulta, on l\u00e4hes kokonaan h\u00e4vinnyt. Oikeassa alakulmassa teksti \u201dVir. tark. s\u00e4\u00e4t\u00e4j\u00e4 (A1)\u201d, vasemmassa alakulmassa \u201d120?220v~\u201d ja muutakin teksti\u00e4, josta hankala saada selv\u00e4\u00e4. Putkiradion taustalevy.","protected":false},"excerpt":{"rendered":"<p>Puinen reik\u00e4levy, johon painettu teksti\u00e4. Uurteet n\u00e4kyv\u00e4t levyn pinnassa, mutta teksti v\u00e4ri, joka on kulta, on l\u00e4hes kokonaan h\u00e4vinnyt. Oikeassa alakulmassa teksti \u201dVir. tark. s\u00e4\u00e4t\u00e4j\u00e4 (A1)\u201d, vasemmassa alakulmassa \u201d120?220v~\u201d ja muutakin teksti\u00e4, josta hankala saada selv\u00e4\u00e4. Putkiradion taustalevy.<\/p>","protected":false},"featured_media":5217,"template":"","meta":[],"_links":{"self":[{"href":"https:\/\/www.radiomarket.fi\/en\/wp-json\/wp\/v2\/product\/24088"}],"collection":[{"href":"https:\/\/www.radiomarket.fi\/en\/wp-json\/wp\/v2\/product"}],"about":[{"href":"https:\/\/www.radiomarket.fi\/en\/wp-json\/wp\/v2\/types\/product"}],"wp:featuredmedia":[{"embeddable":true,"href":"https:\/\/www.radiomarket.fi\/en\/wp-json\/wp\/v2\/media\/5217"}],"wp:attachment":[{"href":"https:\/\/www.radiomarket.fi\/en\/wp-json\/wp\/v2\/media?parent=24088"}],"curies":[{"name":"wp","href":"https:\/\/api.w.org\/{rel}","templated":true}]}}