{"id":24092,"date":"2020-10-05T11:38:58","date_gmt":"2020-10-05T08:38:58","guid":{"rendered":"https:\/\/www.radiomarket.fi\/tuote\/ekua2633x-tuntematon-radion-pohjalevy\/"},"modified":"2020-10-05T11:38:58","modified_gmt":"2020-10-05T08:38:58","slug":"ekua2633x-tuntematon-radion-pohjalevy","status":"publish","type":"product","link":"https:\/\/www.radiomarket.fi\/en\/kohde\/ekua2633x-tuntematon-radion-pohjalevy\/","title":{"rendered":"EKUA2633x Tuntematon radion pohjalevy"},"content":{"rendered":"Tummanruskea puulevy. Toisella pitk\u00e4ll\u00e4 sivulla kaksi puoliympyr\u00e4n muotoista lovea, vastakkaisella keskell\u00e4 yksi. Toisella lyhyell\u00e4 sivustalla kaksi pient\u00e4 reik\u00e4\u00e4. Ks. EKUA2629, joka samanlainen.","protected":false},"excerpt":{"rendered":"<p>Tummanruskea puulevy. Toisella pitk\u00e4ll\u00e4 sivulla kaksi puoliympyr\u00e4n muotoista lovea, vastakkaisella keskell\u00e4 yksi. Toisella lyhyell\u00e4 sivustalla kaksi pient\u00e4 reik\u00e4\u00e4. Ks. EKUA2629, joka samanlainen.<\/p>","protected":false},"featured_media":5206,"template":"","meta":[],"_links":{"self":[{"href":"https:\/\/www.radiomarket.fi\/en\/wp-json\/wp\/v2\/product\/24092"}],"collection":[{"href":"https:\/\/www.radiomarket.fi\/en\/wp-json\/wp\/v2\/product"}],"about":[{"href":"https:\/\/www.radiomarket.fi\/en\/wp-json\/wp\/v2\/types\/product"}],"wp:featuredmedia":[{"embeddable":true,"href":"https:\/\/www.radiomarket.fi\/en\/wp-json\/wp\/v2\/media\/5206"}],"wp:attachment":[{"href":"https:\/\/www.radiomarket.fi\/en\/wp-json\/wp\/v2\/media?parent=24092"}],"curies":[{"name":"wp","href":"https:\/\/api.w.org\/{rel}","templated":true}]}}