{"id":24094,"date":"2020-10-05T11:38:59","date_gmt":"2020-10-05T08:38:59","guid":{"rendered":"https:\/\/www.radiomarket.fi\/tuote\/ekua2632x-tuntematon-radion-pohjalevy\/"},"modified":"2020-10-05T11:38:59","modified_gmt":"2020-10-05T08:38:59","slug":"ekua2632x-tuntematon-radion-pohjalevy","status":"publish","type":"product","link":"https:\/\/www.radiomarket.fi\/en\/kohde\/ekua2632x-tuntematon-radion-pohjalevy\/","title":{"rendered":"EKUA2632x Tuntematon radion pohjalevy"},"content":{"rendered":"Vaaleanruskea reik\u00e4levy. Toisella pitk\u00e4ll\u00e4 sivulla kaksi pient\u00e4 suorakaiteen muotoista lovea kiinnitt\u00e4mist\u00e4 varten.","protected":false},"excerpt":{"rendered":"<p>Vaaleanruskea reik\u00e4levy. Toisella pitk\u00e4ll\u00e4 sivulla kaksi pient\u00e4 suorakaiteen muotoista lovea kiinnitt\u00e4mist\u00e4 varten.<\/p>","protected":false},"featured_media":5203,"template":"","meta":[],"_links":{"self":[{"href":"https:\/\/www.radiomarket.fi\/en\/wp-json\/wp\/v2\/product\/24094"}],"collection":[{"href":"https:\/\/www.radiomarket.fi\/en\/wp-json\/wp\/v2\/product"}],"about":[{"href":"https:\/\/www.radiomarket.fi\/en\/wp-json\/wp\/v2\/types\/product"}],"wp:featuredmedia":[{"embeddable":true,"href":"https:\/\/www.radiomarket.fi\/en\/wp-json\/wp\/v2\/media\/5203"}],"wp:attachment":[{"href":"https:\/\/www.radiomarket.fi\/en\/wp-json\/wp\/v2\/media?parent=24094"}],"curies":[{"name":"wp","href":"https:\/\/api.w.org\/{rel}","templated":true}]}}