{"id":24100,"date":"2020-10-05T11:39:01","date_gmt":"2020-10-05T08:39:01","guid":{"rendered":"https:\/\/www.radiomarket.fi\/tuote\/ekua2628x-telefunken-520wlk\/"},"modified":"2020-10-05T11:39:01","modified_gmt":"2020-10-05T08:39:01","slug":"ekua2628x-telefunken-520wlk","status":"publish","type":"product","link":"https:\/\/www.radiomarket.fi\/en\/kohde\/ekua2628x-telefunken-520wlk\/","title":{"rendered":"EKUA2628x Telefunken 520WLK"},"content":{"rendered":"Nelj\u00e4 ruuvia yh\u00e4 kiinni.","protected":false},"excerpt":{"rendered":"<p>Nelj\u00e4 ruuvia yh\u00e4 kiinni.<\/p>","protected":false},"featured_media":5191,"template":"","meta":[],"_links":{"self":[{"href":"https:\/\/www.radiomarket.fi\/en\/wp-json\/wp\/v2\/product\/24100"}],"collection":[{"href":"https:\/\/www.radiomarket.fi\/en\/wp-json\/wp\/v2\/product"}],"about":[{"href":"https:\/\/www.radiomarket.fi\/en\/wp-json\/wp\/v2\/types\/product"}],"wp:featuredmedia":[{"embeddable":true,"href":"https:\/\/www.radiomarket.fi\/en\/wp-json\/wp\/v2\/media\/5191"}],"wp:attachment":[{"href":"https:\/\/www.radiomarket.fi\/en\/wp-json\/wp\/v2\/media?parent=24100"}],"curies":[{"name":"wp","href":"https:\/\/api.w.org\/{rel}","templated":true}]}}