{"id":24102,"date":"2020-10-05T11:39:02","date_gmt":"2020-10-05T08:39:02","guid":{"rendered":"https:\/\/www.radiomarket.fi\/tuote\/ekua2626x-tuntematon-putkiradion-pohjalevy\/"},"modified":"2020-10-05T11:39:02","modified_gmt":"2020-10-05T08:39:02","slug":"ekua2626x-tuntematon-putkiradion-pohjalevy","status":"publish","type":"product","link":"https:\/\/www.radiomarket.fi\/en\/kohde\/ekua2626x-tuntematon-putkiradion-pohjalevy\/","title":{"rendered":"EKUA2626x Tuntematon putkiradion pohjalevy"},"content":{"rendered":"Vanerinen reik\u00e4levy, keskiruskea. Toisella pitk\u00e4ll\u00e4 sivulla kaski loveusta, toisella keskell\u00e4 yksi kiinnitt\u00e4mist\u00e4 varten. Katso my\u00f6s EKUA9513.","protected":false},"excerpt":{"rendered":"<p>Vanerinen reik\u00e4levy, keskiruskea. Toisella pitk\u00e4ll\u00e4 sivulla kaski loveusta, toisella keskell\u00e4 yksi kiinnitt\u00e4mist\u00e4 varten. Katso my\u00f6s EKUA9513.<\/p>","protected":false},"featured_media":5185,"template":"","meta":[],"_links":{"self":[{"href":"https:\/\/www.radiomarket.fi\/en\/wp-json\/wp\/v2\/product\/24102"}],"collection":[{"href":"https:\/\/www.radiomarket.fi\/en\/wp-json\/wp\/v2\/product"}],"about":[{"href":"https:\/\/www.radiomarket.fi\/en\/wp-json\/wp\/v2\/types\/product"}],"wp:featuredmedia":[{"embeddable":true,"href":"https:\/\/www.radiomarket.fi\/en\/wp-json\/wp\/v2\/media\/5185"}],"wp:attachment":[{"href":"https:\/\/www.radiomarket.fi\/en\/wp-json\/wp\/v2\/media?parent=24102"}],"curies":[{"name":"wp","href":"https:\/\/api.w.org\/{rel}","templated":true}]}}