{"id":24103,"date":"2020-10-05T11:39:03","date_gmt":"2020-10-05T08:39:03","guid":{"rendered":"https:\/\/www.radiomarket.fi\/tuote\/ekua2626-siemens-club-rk14\/"},"modified":"2021-01-22T15:06:43","modified_gmt":"2021-01-22T13:06:43","slug":"ekua2626-siemens-club-rk14","status":"publish","type":"product","link":"https:\/\/www.radiomarket.fi\/en\/kohde\/ekua2626-siemens-club-rk14\/","title":{"rendered":"EKUA2626 Siemens Club RK14"},"content":{"rendered":"Paristojen vuotoj\u00e4lke\u00e4, painonappeja puuttuu.","protected":false},"excerpt":{"rendered":"<p>Paristojen vuotoj\u00e4lke\u00e4, painonappeja puuttuu.<\/p>","protected":false},"featured_media":5182,"template":"","meta":[],"_links":{"self":[{"href":"https:\/\/www.radiomarket.fi\/en\/wp-json\/wp\/v2\/product\/24103"}],"collection":[{"href":"https:\/\/www.radiomarket.fi\/en\/wp-json\/wp\/v2\/product"}],"about":[{"href":"https:\/\/www.radiomarket.fi\/en\/wp-json\/wp\/v2\/types\/product"}],"wp:featuredmedia":[{"embeddable":true,"href":"https:\/\/www.radiomarket.fi\/en\/wp-json\/wp\/v2\/media\/5182"}],"wp:attachment":[{"href":"https:\/\/www.radiomarket.fi\/en\/wp-json\/wp\/v2\/media?parent=24103"}],"curies":[{"name":"wp","href":"https:\/\/api.w.org\/{rel}","templated":true}]}}