{"id":24104,"date":"2020-10-05T11:39:03","date_gmt":"2020-10-05T08:39:03","guid":{"rendered":"https:\/\/www.radiomarket.fi\/tuote\/ekua2625x-tuntematon-putkiradion-pohjalevy\/"},"modified":"2020-10-05T11:39:03","modified_gmt":"2020-10-05T08:39:03","slug":"ekua2625x-tuntematon-putkiradion-pohjalevy","status":"publish","type":"product","link":"https:\/\/www.radiomarket.fi\/en\/kohde\/ekua2625x-tuntematon-putkiradion-pohjalevy\/","title":{"rendered":"EKUA2625x Tuntematon putkiradion pohjalevy"},"content":{"rendered":"Vaaleanruskea vanerilevy, josta puolet rei\u2019itetty. Kuusi ruuvinreik\u00e4\u00e4 (kumissa ja pitkien sivujen keskell\u00e4). Nelj\u00e4 puoliympyr\u00e4n muotoista loveusta, kaksi kummalakin pitk\u00e4ll\u00e4 sivulla. Taakse kirjoitettu lyijykyn\u00e4ll\u00e4 \u201dRauno Aro\u201d, tai vastaavaa, teksti sotattu yli. Takana my\u00f6s tussimerkint\u00e4 \u201dN\u201d tai \u201dZ\u201d.","protected":false},"excerpt":{"rendered":"<p>Vaaleanruskea vanerilevy, josta puolet rei\u2019itetty. Kuusi ruuvinreik\u00e4\u00e4 (kumissa ja pitkien sivujen keskell\u00e4). Nelj\u00e4 puoliympyr\u00e4n muotoista loveusta, kaksi kummalakin pitk\u00e4ll\u00e4 sivulla. Taakse kirjoitettu lyijykyn\u00e4ll\u00e4 \u201dRauno Aro\u201d, tai vastaavaa, teksti sotattu yli. Takana my\u00f6s tussimerkint\u00e4 \u201dN\u201d tai \u201dZ\u201d.<\/p>","protected":false},"featured_media":5181,"template":"","meta":[],"_links":{"self":[{"href":"https:\/\/www.radiomarket.fi\/en\/wp-json\/wp\/v2\/product\/24104"}],"collection":[{"href":"https:\/\/www.radiomarket.fi\/en\/wp-json\/wp\/v2\/product"}],"about":[{"href":"https:\/\/www.radiomarket.fi\/en\/wp-json\/wp\/v2\/types\/product"}],"wp:featuredmedia":[{"embeddable":true,"href":"https:\/\/www.radiomarket.fi\/en\/wp-json\/wp\/v2\/media\/5181"}],"wp:attachment":[{"href":"https:\/\/www.radiomarket.fi\/en\/wp-json\/wp\/v2\/media?parent=24104"}],"curies":[{"name":"wp","href":"https:\/\/api.w.org\/{rel}","templated":true}]}}