{"id":24122,"date":"2020-10-05T11:39:12","date_gmt":"2020-10-05T08:39:12","guid":{"rendered":"https:\/\/www.radiomarket.fi\/tuote\/ekua2607-sharp-vc-30s\/"},"modified":"2020-10-05T11:39:12","modified_gmt":"2020-10-05T08:39:12","slug":"ekua2607-sharp-vc-30s","status":"publish","type":"product","link":"https:\/\/www.radiomarket.fi\/en\/kohde\/ekua2607-sharp-vc-30s\/","title":{"rendered":"EKUA2607 Sharp VC-30S"},"content":{"rendered":"Ilmeisesti kaukos\u00e4\u00e4din toimii, mutta video ei?","protected":false},"excerpt":{"rendered":"<p>Ilmeisesti kaukos\u00e4\u00e4din toimii, mutta video ei?<\/p>","protected":false},"featured_media":5093,"template":"","meta":[],"_links":{"self":[{"href":"https:\/\/www.radiomarket.fi\/en\/wp-json\/wp\/v2\/product\/24122"}],"collection":[{"href":"https:\/\/www.radiomarket.fi\/en\/wp-json\/wp\/v2\/product"}],"about":[{"href":"https:\/\/www.radiomarket.fi\/en\/wp-json\/wp\/v2\/types\/product"}],"wp:featuredmedia":[{"embeddable":true,"href":"https:\/\/www.radiomarket.fi\/en\/wp-json\/wp\/v2\/media\/5093"}],"wp:attachment":[{"href":"https:\/\/www.radiomarket.fi\/en\/wp-json\/wp\/v2\/media?parent=24122"}],"curies":[{"name":"wp","href":"https:\/\/api.w.org\/{rel}","templated":true}]}}