{"id":24128,"date":"2020-10-05T11:39:15","date_gmt":"2020-10-05T08:39:15","guid":{"rendered":"https:\/\/www.radiomarket.fi\/tuote\/ekua2604-philips-4308\/"},"modified":"2021-05-12T12:21:56","modified_gmt":"2021-05-12T09:21:56","slug":"ekua2604-philips-4308","status":"publish","type":"product","link":"https:\/\/www.radiomarket.fi\/en\/kohde\/ekua2604-philips-4308\/","title":{"rendered":"EKUA2604 Philips 4308"},"content":{"rendered":"K\u00e4yt\u00f6n j\u00e4ljet, kannesta puuttuu lista","protected":false},"excerpt":{"rendered":"<p>K\u00e4yt\u00f6n j\u00e4ljet, kannesta puuttuu lista<\/p>","protected":false},"featured_media":5083,"template":"","meta":[],"_links":{"self":[{"href":"https:\/\/www.radiomarket.fi\/en\/wp-json\/wp\/v2\/product\/24128"}],"collection":[{"href":"https:\/\/www.radiomarket.fi\/en\/wp-json\/wp\/v2\/product"}],"about":[{"href":"https:\/\/www.radiomarket.fi\/en\/wp-json\/wp\/v2\/types\/product"}],"wp:featuredmedia":[{"embeddable":true,"href":"https:\/\/www.radiomarket.fi\/en\/wp-json\/wp\/v2\/media\/5083"}],"wp:attachment":[{"href":"https:\/\/www.radiomarket.fi\/en\/wp-json\/wp\/v2\/media?parent=24128"}],"curies":[{"name":"wp","href":"https:\/\/api.w.org\/{rel}","templated":true}]}}