{"id":24136,"date":"2020-10-05T11:39:19","date_gmt":"2020-10-05T08:39:19","guid":{"rendered":"https:\/\/www.radiomarket.fi\/tuote\/ekua2592-luxor-fm-selektomat-melodi-iii-type-b4861\/"},"modified":"2022-03-31T23:35:24","modified_gmt":"2022-03-31T20:35:24","slug":"ekua2592-luxor-fm-selektomat-melodi-iii-type-b4861","status":"publish","type":"product","link":"https:\/\/www.radiomarket.fi\/en\/kohde\/ekua2592-luxor-fm-selektomat-melodi-iii-type-b4861\/","title":{"rendered":"EKUA2592 Luxor FM-Selektomat Melodi III Type B4861"},"content":{"rendered":"<p>Ritil\u00e4ss\u00e4 ei ter\u00e4vi\u00e4 j\u00e4lki\u00e4<\/p>","protected":false},"excerpt":{"rendered":"<p>Ritil\u00e4ss\u00e4 ei ter\u00e4vi\u00e4 j\u00e4lki\u00e4<\/p>","protected":false},"featured_media":5010,"template":"","meta":[],"_links":{"self":[{"href":"https:\/\/www.radiomarket.fi\/en\/wp-json\/wp\/v2\/product\/24136"}],"collection":[{"href":"https:\/\/www.radiomarket.fi\/en\/wp-json\/wp\/v2\/product"}],"about":[{"href":"https:\/\/www.radiomarket.fi\/en\/wp-json\/wp\/v2\/types\/product"}],"wp:featuredmedia":[{"embeddable":true,"href":"https:\/\/www.radiomarket.fi\/en\/wp-json\/wp\/v2\/media\/5010"}],"wp:attachment":[{"href":"https:\/\/www.radiomarket.fi\/en\/wp-json\/wp\/v2\/media?parent=24136"}],"curies":[{"name":"wp","href":"https:\/\/api.w.org\/{rel}","templated":true}]}}